{"id":4611,"date":"2024-04-27T12:17:36","date_gmt":"2024-04-27T18:17:36","guid":{"rendered":"https:\/\/libreriahistoriasdebolsillo.com\/?post_type=product&#038;p=4611"},"modified":"2024-10-15T10:57:13","modified_gmt":"2024-10-15T16:57:13","slug":"querido-john","status":"publish","type":"product","link":"https:\/\/libreriahistoriasdebolsillo.com\/index.php\/producto\/querido-john\/","title":{"rendered":"Querido John"},"content":{"rendered":"<p><b>John Tyree, es un un muchacho rebelde que vive en Carolina del Norte. Despu\u00e9s de pasar una infancia complicada sin madre y con un padre obsesionado con la numism\u00e1tica decide alistarse en el ej\u00e9rcito para poder huir de su pueblo y de su disfuncional familia.<\/b><\/p>\n<p>Sin embargo, en uno de los permisos que se le conceden, volver\u00e1 a su ciudad natal y all\u00ed conocer\u00e1 a Savannah.<\/p>\n<p>Las visitas de John a Savannah se suceden y en ellas el amor que sienten el uno por el otro no har\u00e1 m\u00e1s que aumentar. John conseguir\u00e1 adem\u00e1s, con la ayuda de Savannah, descubrir el porqu\u00e9 del alejamiento de su padre y reconciliarse con \u00e9l. A pesar de todo esto, algo que excede a su contro sucede: los cruentos atentados del 11 de septiembre que sumen al pa\u00eds en la alerta roja militar. John tendr\u00e1 entonces que tomar la decisi\u00f3n m\u00e1s dif\u00edcil de su vida, la de optar entre el amor a una mujer y el amor a su pa\u00eds.<\/p>\n","protected":false},"excerpt":{"rendered":"<p>Nicholas Sparks<\/p>\n","protected":false},"featured_media":4612,"template":"","meta":{"_joinchat":[]},"product_brand":[],"product_cat":[35],"product_tag":[34],"class_list":{"0":"post-4611","1":"product","2":"type-product","3":"status-publish","4":"has-post-thumbnail","6":"product_cat-romantica","7":"product_tag-penguin-random-house","9":"first","10":"outofstock","11":"shipping-taxable","12":"purchasable","13":"product-type-simple"},"_links":{"self":[{"href":"https:\/\/libreriahistoriasdebolsillo.com\/index.php\/wp-json\/wp\/v2\/product\/4611","targetHints":{"allow":["GET"]}}],"collection":[{"href":"https:\/\/libreriahistoriasdebolsillo.com\/index.php\/wp-json\/wp\/v2\/product"}],"about":[{"href":"https:\/\/libreriahistoriasdebolsillo.com\/index.php\/wp-json\/wp\/v2\/types\/product"}],"wp:featuredmedia":[{"embeddable":true,"href":"https:\/\/libreriahistoriasdebolsillo.com\/index.php\/wp-json\/wp\/v2\/media\/4612"}],"wp:attachment":[{"href":"https:\/\/libreriahistoriasdebolsillo.com\/index.php\/wp-json\/wp\/v2\/media?parent=4611"}],"wp:term":[{"taxonomy":"product_brand","embeddable":true,"href":"https:\/\/libreriahistoriasdebolsillo.com\/index.php\/wp-json\/wp\/v2\/product_brand?post=4611"},{"taxonomy":"product_cat","embeddable":true,"href":"https:\/\/libreriahistoriasdebolsillo.com\/index.php\/wp-json\/wp\/v2\/product_cat?post=4611"},{"taxonomy":"product_tag","embeddable":true,"href":"https:\/\/libreriahistoriasdebolsillo.com\/index.php\/wp-json\/wp\/v2\/product_tag?post=4611"}],"curies":[{"name":"wp","href":"https:\/\/api.w.org\/{rel}","templated":true}]}}