{"id":4613,"date":"2024-04-27T12:19:02","date_gmt":"2024-04-27T18:19:02","guid":{"rendered":"https:\/\/libreriahistoriasdebolsillo.com\/?post_type=product&#038;p=4613"},"modified":"2025-02-20T16:32:18","modified_gmt":"2025-02-20T22:32:18","slug":"cuando-te-encuentre","status":"publish","type":"product","link":"https:\/\/libreriahistoriasdebolsillo.com\/index.php\/producto\/cuando-te-encuentre\/","title":{"rendered":"Cuando te encuentre"},"content":{"rendered":"<p>Durante su tercera misi\u00f3n en Iraq, el soldado estadounidense Logan Thibault encuentra medio enterrada en la arena del desierto la fotograf\u00eda de una joven sonriente. En la base nadie<\/p>\n<p>la reclama y \u00e9l acaba guard\u00e1ndola. Desde entonces, Logan empieza a tener suerte: gana en las partidas de p\u00f3quer, sobrevive a un ataque que mata a dos de sus compa\u00f1eros.<\/p>\n<p>De vuelta a Estados Unidos, Logan buscar\u00e1 a la mujer retratada, pero desde luego no se espera a la persona fuerte pero vulnerable con la que se topa en Hampton, Carolina del Norte.<\/p>\n<p>La atracci\u00f3n que siente por ella lo toma por sorpresa, as\u00ed que acaba manteniendo en secreto la historia de la fotograf\u00eda, su amuleto.\u00a0<b>Un secreto que puede terminar destruyendo la maravillosa historia de amor que acaba de comenzar.<\/b><\/p>\n","protected":false},"excerpt":{"rendered":"<p>Nicholas Sparks<\/p>\n","protected":false},"featured_media":4614,"template":"","meta":{"_joinchat":[]},"product_brand":[],"product_cat":[79,51,35],"product_tag":[34],"class_list":{"0":"post-4613","1":"product","2":"type-product","3":"status-publish","4":"has-post-thumbnail","6":"product_cat-campana-punto-naranja","7":"product_cat-oferta","8":"product_cat-romantica","9":"product_tag-penguin-random-house","11":"first","12":"outofstock","13":"sale","14":"shipping-taxable","15":"purchasable","16":"product-type-simple"},"_links":{"self":[{"href":"https:\/\/libreriahistoriasdebolsillo.com\/index.php\/wp-json\/wp\/v2\/product\/4613","targetHints":{"allow":["GET"]}}],"collection":[{"href":"https:\/\/libreriahistoriasdebolsillo.com\/index.php\/wp-json\/wp\/v2\/product"}],"about":[{"href":"https:\/\/libreriahistoriasdebolsillo.com\/index.php\/wp-json\/wp\/v2\/types\/product"}],"wp:featuredmedia":[{"embeddable":true,"href":"https:\/\/libreriahistoriasdebolsillo.com\/index.php\/wp-json\/wp\/v2\/media\/4614"}],"wp:attachment":[{"href":"https:\/\/libreriahistoriasdebolsillo.com\/index.php\/wp-json\/wp\/v2\/media?parent=4613"}],"wp:term":[{"taxonomy":"product_brand","embeddable":true,"href":"https:\/\/libreriahistoriasdebolsillo.com\/index.php\/wp-json\/wp\/v2\/product_brand?post=4613"},{"taxonomy":"product_cat","embeddable":true,"href":"https:\/\/libreriahistoriasdebolsillo.com\/index.php\/wp-json\/wp\/v2\/product_cat?post=4613"},{"taxonomy":"product_tag","embeddable":true,"href":"https:\/\/libreriahistoriasdebolsillo.com\/index.php\/wp-json\/wp\/v2\/product_tag?post=4613"}],"curies":[{"name":"wp","href":"https:\/\/api.w.org\/{rel}","templated":true}]}}