{"id":4615,"date":"2024-04-27T12:21:33","date_gmt":"2024-04-27T18:21:33","guid":{"rendered":"https:\/\/libreriahistoriasdebolsillo.com\/?post_type=product&#038;p=4615"},"modified":"2024-07-01T15:08:31","modified_gmt":"2024-07-01T21:08:31","slug":"hija-de-humo-y-hueso-1","status":"publish","type":"product","link":"https:\/\/libreriahistoriasdebolsillo.com\/index.php\/producto\/hija-de-humo-y-hueso-1\/","title":{"rendered":"Hija de humo y hueso 1"},"content":{"rendered":"<p>Karou es una estudiante de arte de 17 a\u00f1os que vive en\u00a0<b>Praga.<\/b>\u00a0Pero ese no es su \u00fanico mundo. A veces, Karou desaparece en\u00a0<b>misteriosos viajes<\/b>\u00a0para realizar los encargos de Brimstone, el\u00a0<b>monstruo quimera<\/b>\u00a0que la adopt\u00f3 al nacer. Tan misteriosa resulta Karou para sus amigos, como lo es para ella su propia vida: \u00bfc\u00f3mo es que ha acabado formando parte de una familia de monstruos quimeras?\u00bfPara qu\u00e9 necesita su padre adoptivo tantos dientes, especialmente de humanos? Y, \u00bfpor qu\u00e9 tiene esa recurrente sensaci\u00f3n de vac\u00edo, de haber olvidado algo? De pronto, empiezan a aparecer marcas de manos en las puertas, se\u00f1al de que la familia de Karou corre grave peligro. Karou tratar\u00e1 de cruzar al mundo quim\u00e9rico para ayudarlos, pero es perseguida por\u00a0<b>los serafines<\/b>. Entre ellos se encuentra Akiva,\u00a0<b>un \u00e1ngel arrebatadoramente hermoso<\/b>\u00a0al que Karou est\u00e1 unida de una forma que ni ella misma puede imaginar.<\/p>\n","protected":false},"excerpt":{"rendered":"<p>Laini Taylor<\/p>\n","protected":false},"featured_media":4616,"template":"","meta":{"_joinchat":[]},"product_brand":[],"product_cat":[39],"product_tag":[34],"class_list":{"0":"post-4615","1":"product","2":"type-product","3":"status-publish","4":"has-post-thumbnail","6":"product_cat-fantasia","7":"product_tag-penguin-random-house","9":"first","10":"outofstock","11":"shipping-taxable","12":"purchasable","13":"product-type-simple"},"_links":{"self":[{"href":"https:\/\/libreriahistoriasdebolsillo.com\/index.php\/wp-json\/wp\/v2\/product\/4615","targetHints":{"allow":["GET"]}}],"collection":[{"href":"https:\/\/libreriahistoriasdebolsillo.com\/index.php\/wp-json\/wp\/v2\/product"}],"about":[{"href":"https:\/\/libreriahistoriasdebolsillo.com\/index.php\/wp-json\/wp\/v2\/types\/product"}],"wp:featuredmedia":[{"embeddable":true,"href":"https:\/\/libreriahistoriasdebolsillo.com\/index.php\/wp-json\/wp\/v2\/media\/4616"}],"wp:attachment":[{"href":"https:\/\/libreriahistoriasdebolsillo.com\/index.php\/wp-json\/wp\/v2\/media?parent=4615"}],"wp:term":[{"taxonomy":"product_brand","embeddable":true,"href":"https:\/\/libreriahistoriasdebolsillo.com\/index.php\/wp-json\/wp\/v2\/product_brand?post=4615"},{"taxonomy":"product_cat","embeddable":true,"href":"https:\/\/libreriahistoriasdebolsillo.com\/index.php\/wp-json\/wp\/v2\/product_cat?post=4615"},{"taxonomy":"product_tag","embeddable":true,"href":"https:\/\/libreriahistoriasdebolsillo.com\/index.php\/wp-json\/wp\/v2\/product_tag?post=4615"}],"curies":[{"name":"wp","href":"https:\/\/api.w.org\/{rel}","templated":true}]}}