{"id":4617,"date":"2024-04-27T12:23:52","date_gmt":"2024-04-27T18:23:52","guid":{"rendered":"https:\/\/libreriahistoriasdebolsillo.com\/?post_type=product&#038;p=4617"},"modified":"2024-07-01T15:08:27","modified_gmt":"2024-07-01T21:08:27","slug":"hija-de-humo-y-hueso-2-dias-de-sangre-y-resplandor","status":"publish","type":"product","link":"https:\/\/libreriahistoriasdebolsillo.com\/index.php\/producto\/hija-de-humo-y-hueso-2-dias-de-sangre-y-resplandor\/","title":{"rendered":"Hija de humo y hueso 2. D\u00edas de sangre y resplandor"},"content":{"rendered":"<p>Karou tiene por fin las respuestas a las preguntas que se lleva haciendo desde ni\u00f1a:\u00a0<b>por fin sabe qui\u00e9n es y, sobre todo, qu\u00e9 es.<\/b>\u00a0Pero junto a esta verdad ha conocido otra mucho m\u00e1s dolorosa:\u00a0<b>el ser al que ama es su peor enemigo<\/b>, responsable de la traici\u00f3n m\u00e1s terrible y del dolor de todo un mundo.<\/p>\n<p>En esta segunda parte de la mundialmente aclamada\u00a0<b>Hija de humo y hueso<\/b>, Karou deber\u00e1 decidir hasta d\u00f3nde es capaz de llegar para defender a su pueblo. Llena de dolor y belleza, secretos y decisiones imposibles, D\u00edas de sangre y resplandor encuentra a Karou y Akiva en dos bandos enfrentados cuando una antigua guerra vuelve a desatarse.<\/p>\n<p>Mientras Karou y sus compa\u00f1eros construyen\u00a0<b>un ej\u00e9rcito quim\u00e9rico<\/b>\u00a0en un mundo de polvo y estrellas, Akiva lleva a cabootro tipo de batalla, la de su redenci\u00f3n, la b\u00fasqueda de esperanza. Pero \u00bfpuede la esperanza surgir de las cenizas de un sue\u00f1o roto?<\/p>\n","protected":false},"excerpt":{"rendered":"<p>Laini Taylor<\/p>\n","protected":false},"featured_media":4618,"template":"","meta":{"_joinchat":[]},"product_brand":[],"product_cat":[39],"product_tag":[34],"class_list":{"0":"post-4617","1":"product","2":"type-product","3":"status-publish","4":"has-post-thumbnail","6":"product_cat-fantasia","7":"product_tag-penguin-random-house","9":"first","10":"outofstock","11":"shipping-taxable","12":"purchasable","13":"product-type-simple"},"_links":{"self":[{"href":"https:\/\/libreriahistoriasdebolsillo.com\/index.php\/wp-json\/wp\/v2\/product\/4617","targetHints":{"allow":["GET"]}}],"collection":[{"href":"https:\/\/libreriahistoriasdebolsillo.com\/index.php\/wp-json\/wp\/v2\/product"}],"about":[{"href":"https:\/\/libreriahistoriasdebolsillo.com\/index.php\/wp-json\/wp\/v2\/types\/product"}],"wp:featuredmedia":[{"embeddable":true,"href":"https:\/\/libreriahistoriasdebolsillo.com\/index.php\/wp-json\/wp\/v2\/media\/4618"}],"wp:attachment":[{"href":"https:\/\/libreriahistoriasdebolsillo.com\/index.php\/wp-json\/wp\/v2\/media?parent=4617"}],"wp:term":[{"taxonomy":"product_brand","embeddable":true,"href":"https:\/\/libreriahistoriasdebolsillo.com\/index.php\/wp-json\/wp\/v2\/product_brand?post=4617"},{"taxonomy":"product_cat","embeddable":true,"href":"https:\/\/libreriahistoriasdebolsillo.com\/index.php\/wp-json\/wp\/v2\/product_cat?post=4617"},{"taxonomy":"product_tag","embeddable":true,"href":"https:\/\/libreriahistoriasdebolsillo.com\/index.php\/wp-json\/wp\/v2\/product_tag?post=4617"}],"curies":[{"name":"wp","href":"https:\/\/api.w.org\/{rel}","templated":true}]}}