{"id":4619,"date":"2024-04-27T12:25:30","date_gmt":"2024-04-27T18:25:30","guid":{"rendered":"https:\/\/libreriahistoriasdebolsillo.com\/?post_type=product&#038;p=4619"},"modified":"2024-07-01T15:08:18","modified_gmt":"2024-07-01T21:08:18","slug":"hija-de-humo-y-hueso-3-suenos-de-dioses-y-monstruos","status":"publish","type":"product","link":"https:\/\/libreriahistoriasdebolsillo.com\/index.php\/producto\/hija-de-humo-y-hueso-3-suenos-de-dioses-y-monstruos\/","title":{"rendered":"Hija de humo y hueso 3. Sue\u00f1os de dioses y monstruos"},"content":{"rendered":"<p><b>El final de la trilog\u00eda\u00a0<i>Hija de humo y hueso<\/i>.<\/b><\/p>\n<p><b><i>Hija de humo y hueso<\/i>\u00a0es una de las sagas con m\u00e1s \u00e9xito de venta: a unas semanas de su lanzamiento logr\u00f3 el sexto lugar de ventas en\u00a0<i>The New York Times<\/i>\u00a0y Universal Pictures adquiri\u00f3 los derechos para realizar la pel\u00edcula.<\/b><\/p>\n<p>\u00c9rase una vez un \u00e1ngel y un diablo que se pusieron la mano en el coraz\u00f3n y desataron el apocalipsis. Son el enemigo com\u00fan, pero con una causa compartida.\u00a0<b>Karou<\/b>\u00a0ha tomado el control sobre la rebeli\u00f3n de las quimeras, y ahora el futuro de su raza depende de ella, si es que a\u00fan queda futuro para las quimeras en Eretz, una tierra asolada por la guerra. Pero cuando el brutal ej\u00e9rcito seraf\u00edn invade el mundo humano, Karou y\u00a0<b>Akiva<\/b>\u00a0deben formar una alianza y unir sus ej\u00e9rcitos para luchar contra su enemigo com\u00fan.<\/p>\n<p>Esta uni\u00f3n de ej\u00e9rcitos es una versi\u00f3n alterada de su antiguo sue\u00f1o, donde \u00e1ngeles y quimeras conviven juntos, en paz. Quiz\u00e1 estos pueblos hayan encontrado una forma distinta de vivir, pero \u00bfhabr\u00e1 lugar en este nuevo orden del mundo para el imperdonable amor entre un \u00e1ngel y un demonio?<\/p>\n","protected":false},"excerpt":{"rendered":"<p>Laini Taylor<\/p>\n","protected":false},"featured_media":4620,"template":"","meta":{"_joinchat":[]},"product_brand":[],"product_cat":[39],"product_tag":[34],"class_list":{"0":"post-4619","1":"product","2":"type-product","3":"status-publish","4":"has-post-thumbnail","6":"product_cat-fantasia","7":"product_tag-penguin-random-house","9":"first","10":"outofstock","11":"shipping-taxable","12":"purchasable","13":"product-type-simple"},"_links":{"self":[{"href":"https:\/\/libreriahistoriasdebolsillo.com\/index.php\/wp-json\/wp\/v2\/product\/4619","targetHints":{"allow":["GET"]}}],"collection":[{"href":"https:\/\/libreriahistoriasdebolsillo.com\/index.php\/wp-json\/wp\/v2\/product"}],"about":[{"href":"https:\/\/libreriahistoriasdebolsillo.com\/index.php\/wp-json\/wp\/v2\/types\/product"}],"wp:featuredmedia":[{"embeddable":true,"href":"https:\/\/libreriahistoriasdebolsillo.com\/index.php\/wp-json\/wp\/v2\/media\/4620"}],"wp:attachment":[{"href":"https:\/\/libreriahistoriasdebolsillo.com\/index.php\/wp-json\/wp\/v2\/media?parent=4619"}],"wp:term":[{"taxonomy":"product_brand","embeddable":true,"href":"https:\/\/libreriahistoriasdebolsillo.com\/index.php\/wp-json\/wp\/v2\/product_brand?post=4619"},{"taxonomy":"product_cat","embeddable":true,"href":"https:\/\/libreriahistoriasdebolsillo.com\/index.php\/wp-json\/wp\/v2\/product_cat?post=4619"},{"taxonomy":"product_tag","embeddable":true,"href":"https:\/\/libreriahistoriasdebolsillo.com\/index.php\/wp-json\/wp\/v2\/product_tag?post=4619"}],"curies":[{"name":"wp","href":"https:\/\/api.w.org\/{rel}","templated":true}]}}