{"id":4621,"date":"2024-04-27T12:29:23","date_gmt":"2024-04-27T18:29:23","guid":{"rendered":"https:\/\/libreriahistoriasdebolsillo.com\/?post_type=product&#038;p=4621"},"modified":"2024-07-01T15:05:29","modified_gmt":"2024-07-01T21:05:29","slug":"porfirio-diaz-su-vida-y-su-tiempo-i","status":"publish","type":"product","link":"https:\/\/libreriahistoriasdebolsillo.com\/index.php\/producto\/porfirio-diaz-su-vida-y-su-tiempo-i\/","title":{"rendered":"Porfirio D\u00edaz: Su vida y su tiempo I"},"content":{"rendered":"<p><i><b>Porfirio D\u00edaz. Su vida y su tiempo<\/b><\/i><b>\u00a0narra la historia de uno de los personajes m\u00e1s fascinantes en la historia de M\u00e9xico.<\/b><\/p>\n<p>H\u00e9roe para unos, villano para otros, su vida de soldado ilustra en plenitud una novela de aventuras del siglo XIX. Es el tema que aborda\u00a0<b>La guerra<\/b>.<\/p>\n<p>D\u00edaz naci\u00f3 en un mundo donde la gente despertaba a las cuatro de la madrugada para rezar el Rosario; form\u00f3 parte de la generaci\u00f3n que derrib\u00f3 a sablazos aquel mundo durante la Reforma y destac\u00f3 como nadie en la lucha contra la Intervenci\u00f3n y el Imperio. Sus fugas de prisi\u00f3n y sus haza\u00f1as de guerra fueron legendarias, y lo convirtieron, a los treinta y seis a\u00f1os, en el general m\u00e1s popular del Ej\u00e9rcito de la Rep\u00fablica.<\/p>\n<p><b>Esta biograf\u00eda retrata al militar y al estadista, pero tambi\u00e9n somete a revisi\u00f3n al hombre, con todas sus debilidades y su grandeza.<\/b>\u00a0Basada en documentos apenas conocidos, en archivos perdidos en los confines del pa\u00eds, y tambi\u00e9n en recuerdos de familia, est\u00e1 escrita con la maestr\u00eda del historiador Carlos Tello D\u00edaz.<\/p>\n<p><i><b>Porfirio D\u00edaz. Su vida y su tiempo<\/b><\/i><b>\u00a0es la biograf\u00eda definitiva sobre esta figura indiscutible de nuestra historia.<\/b><\/p>\n","protected":false},"excerpt":{"rendered":"<p>Carlos Tello D\u00edaz<\/p>\n","protected":false},"featured_media":4622,"template":"","meta":{"_joinchat":[]},"product_brand":[],"product_cat":[56],"product_tag":[34],"class_list":{"0":"post-4621","1":"product","2":"type-product","3":"status-publish","4":"has-post-thumbnail","6":"product_cat-historica","7":"product_tag-penguin-random-house","9":"first","10":"outofstock","11":"shipping-taxable","12":"purchasable","13":"product-type-simple"},"_links":{"self":[{"href":"https:\/\/libreriahistoriasdebolsillo.com\/index.php\/wp-json\/wp\/v2\/product\/4621","targetHints":{"allow":["GET"]}}],"collection":[{"href":"https:\/\/libreriahistoriasdebolsillo.com\/index.php\/wp-json\/wp\/v2\/product"}],"about":[{"href":"https:\/\/libreriahistoriasdebolsillo.com\/index.php\/wp-json\/wp\/v2\/types\/product"}],"wp:featuredmedia":[{"embeddable":true,"href":"https:\/\/libreriahistoriasdebolsillo.com\/index.php\/wp-json\/wp\/v2\/media\/4622"}],"wp:attachment":[{"href":"https:\/\/libreriahistoriasdebolsillo.com\/index.php\/wp-json\/wp\/v2\/media?parent=4621"}],"wp:term":[{"taxonomy":"product_brand","embeddable":true,"href":"https:\/\/libreriahistoriasdebolsillo.com\/index.php\/wp-json\/wp\/v2\/product_brand?post=4621"},{"taxonomy":"product_cat","embeddable":true,"href":"https:\/\/libreriahistoriasdebolsillo.com\/index.php\/wp-json\/wp\/v2\/product_cat?post=4621"},{"taxonomy":"product_tag","embeddable":true,"href":"https:\/\/libreriahistoriasdebolsillo.com\/index.php\/wp-json\/wp\/v2\/product_tag?post=4621"}],"curies":[{"name":"wp","href":"https:\/\/api.w.org\/{rel}","templated":true}]}}