{"id":4625,"date":"2024-04-27T12:33:24","date_gmt":"2024-04-27T18:33:24","guid":{"rendered":"https:\/\/libreriahistoriasdebolsillo.com\/?post_type=product&#038;p=4625"},"modified":"2024-07-01T15:36:32","modified_gmt":"2024-07-01T21:36:32","slug":"la-fiesta-del-chivo","status":"publish","type":"product","link":"https:\/\/libreriahistoriasdebolsillo.com\/index.php\/producto\/la-fiesta-del-chivo\/","title":{"rendered":"La Fiesta del Chivo"},"content":{"rendered":"<p><b>Del Premio Nobel de Literatura 2010, Mario Vargas Llosa.<\/b><\/p>\n<p><b>Calificada como la mejor novela espa\u00f1ola del siglo XXI seg\u00fan los expertos consultados por el diario\u00a0<i>ABC<\/i>.<\/b><\/p>\n<p>En\u00a0<i>La Fiesta del Chivo\u00a0<\/i>asistimos a un doble retorno. Mientras Urania visita a su padre en Santo Domingo, volvemos a 1961, cuando la capital dominicana a\u00fan se llamaba Ciudad Trujillo. All\u00ed un hombre que no suda tiraniza a tres millones de personas sin saber que se gesta una maquiav\u00e9lica transici\u00f3n a la democracia.<\/p>\n<p>Con un ritmo y una precisi\u00f3n dif\u00edcilmente superables, este peruano universal muestra que la pol\u00edtica puede consistir en abrirse camino entre cad\u00e1veres, y que un ser inocente puede convertirse en un regalo truculento.<\/p>\n","protected":false},"excerpt":{"rendered":"<p>Mario Vargas Llosa<\/p>\n","protected":false},"featured_media":4626,"template":"","meta":{"_joinchat":[]},"product_brand":[],"product_cat":[78],"product_tag":[34],"class_list":{"0":"post-4625","1":"product","2":"type-product","3":"status-publish","4":"has-post-thumbnail","6":"product_cat-contemporanea","7":"product_tag-penguin-random-house","9":"first","10":"outofstock","11":"shipping-taxable","12":"purchasable","13":"product-type-simple"},"_links":{"self":[{"href":"https:\/\/libreriahistoriasdebolsillo.com\/index.php\/wp-json\/wp\/v2\/product\/4625","targetHints":{"allow":["GET"]}}],"collection":[{"href":"https:\/\/libreriahistoriasdebolsillo.com\/index.php\/wp-json\/wp\/v2\/product"}],"about":[{"href":"https:\/\/libreriahistoriasdebolsillo.com\/index.php\/wp-json\/wp\/v2\/types\/product"}],"wp:featuredmedia":[{"embeddable":true,"href":"https:\/\/libreriahistoriasdebolsillo.com\/index.php\/wp-json\/wp\/v2\/media\/4626"}],"wp:attachment":[{"href":"https:\/\/libreriahistoriasdebolsillo.com\/index.php\/wp-json\/wp\/v2\/media?parent=4625"}],"wp:term":[{"taxonomy":"product_brand","embeddable":true,"href":"https:\/\/libreriahistoriasdebolsillo.com\/index.php\/wp-json\/wp\/v2\/product_brand?post=4625"},{"taxonomy":"product_cat","embeddable":true,"href":"https:\/\/libreriahistoriasdebolsillo.com\/index.php\/wp-json\/wp\/v2\/product_cat?post=4625"},{"taxonomy":"product_tag","embeddable":true,"href":"https:\/\/libreriahistoriasdebolsillo.com\/index.php\/wp-json\/wp\/v2\/product_tag?post=4625"}],"curies":[{"name":"wp","href":"https:\/\/api.w.org\/{rel}","templated":true}]}}