{"id":4627,"date":"2024-04-27T12:36:17","date_gmt":"2024-04-27T18:36:17","guid":{"rendered":"https:\/\/libreriahistoriasdebolsillo.com\/?post_type=product&#038;p=4627"},"modified":"2024-07-01T15:06:02","modified_gmt":"2024-07-01T21:06:02","slug":"comer-rezar-amar","status":"publish","type":"product","link":"https:\/\/libreriahistoriasdebolsillo.com\/index.php\/producto\/comer-rezar-amar\/","title":{"rendered":"Comer, rezar, amar"},"content":{"rendered":"<p><b>El libro que inspir\u00f3 la pel\u00edcula protagonizada por Julia Roberts y Javier Bardem.<\/b><\/p>\n<p><b>L\u00facida y valiente novela autobiogr\u00e1fica que ha sido un gran \u00e9xito de ventas desde su publicaci\u00f3n en Estados Unidos,\u00a0<i>Comer, rezar, amar<\/i>\u00a0trata de lo que ocurre cuando decidimos ser art\u00edfices de nuestra felicidad.<\/b><\/p>\n<p>A los 31 a\u00f1os y con una vida aparentemente perfecta, Elizabeth Gilbert se traslada con su marido a las afueras de Nueva York y decide intentar tener un hijo, s\u00f3lo para darse cuenta de que no quer\u00eda ni un hijo ni un marido. En plena crisis emocional y espiritual decide empezar de nuevo y emprender un largo viaje. Este libro es la bit\u00e1cora de esta traves\u00eda, en la que la autora descubrir\u00e1 el placer sensual de la buena mesa y la buena conversaci\u00f3n (la\u00a0<i>dolce vita<\/i>\u00a0romana), la paz interior alcanzada mediante la meditaci\u00f3n en Bombay y, por fin, el deseado equilibrio entre cuerpo y esp\u00edritu en Bali.<\/p>\n","protected":false},"excerpt":{"rendered":"<p>Elizabeth Gilbert<\/p>\n","protected":false},"featured_media":4628,"template":"","meta":{"_joinchat":[]},"product_brand":[],"product_cat":[35],"product_tag":[34],"class_list":{"0":"post-4627","1":"product","2":"type-product","3":"status-publish","4":"has-post-thumbnail","6":"product_cat-romantica","7":"product_tag-penguin-random-house","9":"first","10":"outofstock","11":"shipping-taxable","12":"purchasable","13":"product-type-simple"},"_links":{"self":[{"href":"https:\/\/libreriahistoriasdebolsillo.com\/index.php\/wp-json\/wp\/v2\/product\/4627","targetHints":{"allow":["GET"]}}],"collection":[{"href":"https:\/\/libreriahistoriasdebolsillo.com\/index.php\/wp-json\/wp\/v2\/product"}],"about":[{"href":"https:\/\/libreriahistoriasdebolsillo.com\/index.php\/wp-json\/wp\/v2\/types\/product"}],"wp:featuredmedia":[{"embeddable":true,"href":"https:\/\/libreriahistoriasdebolsillo.com\/index.php\/wp-json\/wp\/v2\/media\/4628"}],"wp:attachment":[{"href":"https:\/\/libreriahistoriasdebolsillo.com\/index.php\/wp-json\/wp\/v2\/media?parent=4627"}],"wp:term":[{"taxonomy":"product_brand","embeddable":true,"href":"https:\/\/libreriahistoriasdebolsillo.com\/index.php\/wp-json\/wp\/v2\/product_brand?post=4627"},{"taxonomy":"product_cat","embeddable":true,"href":"https:\/\/libreriahistoriasdebolsillo.com\/index.php\/wp-json\/wp\/v2\/product_cat?post=4627"},{"taxonomy":"product_tag","embeddable":true,"href":"https:\/\/libreriahistoriasdebolsillo.com\/index.php\/wp-json\/wp\/v2\/product_tag?post=4627"}],"curies":[{"name":"wp","href":"https:\/\/api.w.org\/{rel}","templated":true}]}}