{"id":4629,"date":"2024-04-27T12:39:18","date_gmt":"2024-04-27T18:39:18","guid":{"rendered":"https:\/\/libreriahistoriasdebolsillo.com\/?post_type=product&#038;p=4629"},"modified":"2025-09-04T13:37:17","modified_gmt":"2025-09-04T19:37:17","slug":"patas-2-mindy-en-busca-de-su-lugar","status":"publish","type":"product","link":"https:\/\/libreriahistoriasdebolsillo.com\/index.php\/producto\/patas-2-mindy-en-busca-de-su-lugar\/","title":{"rendered":"Patas 2. Mindy en busca de su lugar"},"content":{"rendered":"<p>El negocio de pasear perros es un \u00e9xito y Mindy, Gabby y Priya sienten que es un sue\u00f1o hecho realidad. Pero para Mindy, las cosas en casa se est\u00e1n convirtiendo en una pesadilla. Su madre acaba de empezar a salir con alguien, lo que hace que Mindy se sienta rara. Desde que tiene memoria, siempre han sido solo ellas dos? y as\u00ed estaban muy bien. La situaci\u00f3n empeora cuando Hazel, una nueva alumna, llega a su clase y parece totalmente decidida a unirse a PATAS. Tener que compartir a su madre ya es mucho, \u00a1no hay forma de que tenga que compartir tambi\u00e9n a sus mejores amigas y su negocio! Sin embargo, la resistencia de Mindy empieza a perjudicar su relaci\u00f3n con todos los que la rodean? \u00bfSer\u00e1 capaz de superar sus miedos y aprender que los cambios no siempre tienen que ser para peor?<\/p>\n","protected":false},"excerpt":{"rendered":"<p>Michele Assarasakorn<\/p>\n","protected":false},"featured_media":4630,"template":"","meta":{"_joinchat":[]},"product_brand":[],"product_cat":[54],"product_tag":[48],"class_list":{"0":"post-4629","1":"product","2":"type-product","3":"status-publish","4":"has-post-thumbnail","6":"product_cat-infantil","7":"product_tag-vr-editoras","9":"first","10":"instock","11":"shipping-taxable","12":"purchasable","13":"product-type-simple"},"_links":{"self":[{"href":"https:\/\/libreriahistoriasdebolsillo.com\/index.php\/wp-json\/wp\/v2\/product\/4629","targetHints":{"allow":["GET"]}}],"collection":[{"href":"https:\/\/libreriahistoriasdebolsillo.com\/index.php\/wp-json\/wp\/v2\/product"}],"about":[{"href":"https:\/\/libreriahistoriasdebolsillo.com\/index.php\/wp-json\/wp\/v2\/types\/product"}],"wp:featuredmedia":[{"embeddable":true,"href":"https:\/\/libreriahistoriasdebolsillo.com\/index.php\/wp-json\/wp\/v2\/media\/4630"}],"wp:attachment":[{"href":"https:\/\/libreriahistoriasdebolsillo.com\/index.php\/wp-json\/wp\/v2\/media?parent=4629"}],"wp:term":[{"taxonomy":"product_brand","embeddable":true,"href":"https:\/\/libreriahistoriasdebolsillo.com\/index.php\/wp-json\/wp\/v2\/product_brand?post=4629"},{"taxonomy":"product_cat","embeddable":true,"href":"https:\/\/libreriahistoriasdebolsillo.com\/index.php\/wp-json\/wp\/v2\/product_cat?post=4629"},{"taxonomy":"product_tag","embeddable":true,"href":"https:\/\/libreriahistoriasdebolsillo.com\/index.php\/wp-json\/wp\/v2\/product_tag?post=4629"}],"curies":[{"name":"wp","href":"https:\/\/api.w.org\/{rel}","templated":true}]}}