{"id":4632,"date":"2024-04-27T16:51:08","date_gmt":"2024-04-27T22:51:08","guid":{"rendered":"https:\/\/libreriahistoriasdebolsillo.com\/?post_type=product&#038;p=4632"},"modified":"2025-11-26T18:19:35","modified_gmt":"2025-11-27T00:19:35","slug":"por-fin-es-jueves","status":"publish","type":"product","link":"https:\/\/libreriahistoriasdebolsillo.com\/index.php\/producto\/por-fin-es-jueves\/","title":{"rendered":"\u00a1Por fin es jueves!"},"content":{"rendered":"<p>Descubre las 8 razones por las que conviene trabajar 4 d\u00edas.Las semanas laborales de cinco d\u00edas ser\u00e1n sustituidas en las econom\u00edas m\u00e1s desarrolladas por semanas laborales de cuatro d\u00edas. Esta es la provocativa tesis que el economista Pedro Gomes plantea en este convincente libro. Apoy\u00e1ndose en diversas teor\u00edas econ\u00f3micas, en la historia y en los datos, el autor sostiene que una semana laboral de cuatro d\u00edas generar\u00e1 una poderosa renovaci\u00f3n econ\u00f3mica en beneficio de toda la sociedad. Su aplicaci\u00f3n generalizada estimular\u00e1 la demanda, la productividad, la innovaci\u00f3n y los salarios al tiempo que reducir\u00e1 el desempleo. Una idea que encuentra adem\u00e1s apoyos tanto en la izquierda como en la derecha, a pesar de la polarizaci\u00f3n de nuestras sociedades.Hace cien a\u00f1os trabajar \u00absolo\u00bb cinco d\u00edas a la semana parec\u00eda algo irrealizable. En el siglo XX, las empresas comenzaron a dar a los trabajadores un segundo d\u00eda libre, percat\u00e1ndose de que un fin de semana sin tener que trabajar era positivo para la econom\u00eda. En los a\u00f1os venideros, el jueves ser\u00e1 el equivalente a los viernes de hoy en d\u00eda, un cambio que se introducir\u00e1 gradual e irreversiblemente y que, adem\u00e1s de beneficiar a la econom\u00eda, mejorar\u00e1 el bienestar de las personas.Un libro oportuno de un autor de referencia sobre un tema hoy candente: la conveniencia de reducir el tiempo que destinamos al trabajo.Apoyado en las teor\u00edas de varios grandes economistas de referencia.<\/p>\n","protected":false},"excerpt":{"rendered":"<p>Pedro Gomes<\/p>\n","protected":false},"featured_media":4633,"template":"","meta":{"_joinchat":[]},"product_brand":[],"product_cat":[58,41],"product_tag":[48],"class_list":{"0":"post-4632","1":"product","2":"type-product","3":"status-publish","4":"has-post-thumbnail","6":"product_cat-desarrollo-humano-y-superacion","7":"product_cat-desarrollo-humano","8":"product_tag-vr-editoras","10":"first","11":"instock","12":"shipping-taxable","13":"purchasable","14":"product-type-simple"},"_links":{"self":[{"href":"https:\/\/libreriahistoriasdebolsillo.com\/index.php\/wp-json\/wp\/v2\/product\/4632","targetHints":{"allow":["GET"]}}],"collection":[{"href":"https:\/\/libreriahistoriasdebolsillo.com\/index.php\/wp-json\/wp\/v2\/product"}],"about":[{"href":"https:\/\/libreriahistoriasdebolsillo.com\/index.php\/wp-json\/wp\/v2\/types\/product"}],"wp:featuredmedia":[{"embeddable":true,"href":"https:\/\/libreriahistoriasdebolsillo.com\/index.php\/wp-json\/wp\/v2\/media\/4633"}],"wp:attachment":[{"href":"https:\/\/libreriahistoriasdebolsillo.com\/index.php\/wp-json\/wp\/v2\/media?parent=4632"}],"wp:term":[{"taxonomy":"product_brand","embeddable":true,"href":"https:\/\/libreriahistoriasdebolsillo.com\/index.php\/wp-json\/wp\/v2\/product_brand?post=4632"},{"taxonomy":"product_cat","embeddable":true,"href":"https:\/\/libreriahistoriasdebolsillo.com\/index.php\/wp-json\/wp\/v2\/product_cat?post=4632"},{"taxonomy":"product_tag","embeddable":true,"href":"https:\/\/libreriahistoriasdebolsillo.com\/index.php\/wp-json\/wp\/v2\/product_tag?post=4632"}],"curies":[{"name":"wp","href":"https:\/\/api.w.org\/{rel}","templated":true}]}}