{"id":4635,"date":"2024-04-27T17:06:47","date_gmt":"2024-04-27T23:06:47","guid":{"rendered":"https:\/\/libreriahistoriasdebolsillo.com\/?post_type=product&#038;p=4635"},"modified":"2026-03-07T11:06:01","modified_gmt":"2026-03-07T17:06:01","slug":"harry-potter-para-colorear-edicion-conmemorativa","status":"publish","type":"product","link":"https:\/\/libreriahistoriasdebolsillo.com\/index.php\/producto\/harry-potter-para-colorear-edicion-conmemorativa\/","title":{"rendered":"Harry Potter para colorear edici\u00f3n conmemorativa"},"content":{"rendered":"<p>Date un lujo con esta edici\u00f3n conmemorativa y disfruta de im\u00e1genes exclusivas nunca antes vistas. Divi\u00e9rtete recorriendo los pasillos de Howards; encuentra tu lugar entre una de las cuatro casas: Gryffindor, Hufflepuff, Ravenclaw y Slytherin. O ayuda a los j\u00f3venes magos a derrotar al terrible Se\u00f1or Tenebroso, \u00a1todo al alcance de tu mano!<\/p>\n","protected":false},"excerpt":{"rendered":"<p>Date un lujo con esta edici\u00f3n conmemorativa y disfruta de im\u00e1genes exclusivas nunca antes vistas. Divi\u00e9rtete recorriendo los pasillos de Howards; encuentra tu lugar entre una de las cuatro casas: Gryffindor, Hufflepuff, Ravenclaw y Slytherin. O ayuda a los j\u00f3venes magos a derrotar al terrible Se\u00f1or Tenebroso, \u00a1todo al alcance de tu mano!<\/p>\n","protected":false},"featured_media":4636,"template":"","meta":{"_joinchat":[]},"product_brand":[],"product_cat":[50,51],"product_tag":[48],"class_list":{"0":"post-4635","1":"product","2":"type-product","3":"status-publish","4":"has-post-thumbnail","6":"product_cat-mandalas-y-libros-para-colorear","7":"product_cat-oferta","8":"product_tag-vr-editoras","10":"first","11":"instock","12":"shipping-taxable","13":"purchasable","14":"product-type-simple"},"_links":{"self":[{"href":"https:\/\/libreriahistoriasdebolsillo.com\/index.php\/wp-json\/wp\/v2\/product\/4635","targetHints":{"allow":["GET"]}}],"collection":[{"href":"https:\/\/libreriahistoriasdebolsillo.com\/index.php\/wp-json\/wp\/v2\/product"}],"about":[{"href":"https:\/\/libreriahistoriasdebolsillo.com\/index.php\/wp-json\/wp\/v2\/types\/product"}],"wp:featuredmedia":[{"embeddable":true,"href":"https:\/\/libreriahistoriasdebolsillo.com\/index.php\/wp-json\/wp\/v2\/media\/4636"}],"wp:attachment":[{"href":"https:\/\/libreriahistoriasdebolsillo.com\/index.php\/wp-json\/wp\/v2\/media?parent=4635"}],"wp:term":[{"taxonomy":"product_brand","embeddable":true,"href":"https:\/\/libreriahistoriasdebolsillo.com\/index.php\/wp-json\/wp\/v2\/product_brand?post=4635"},{"taxonomy":"product_cat","embeddable":true,"href":"https:\/\/libreriahistoriasdebolsillo.com\/index.php\/wp-json\/wp\/v2\/product_cat?post=4635"},{"taxonomy":"product_tag","embeddable":true,"href":"https:\/\/libreriahistoriasdebolsillo.com\/index.php\/wp-json\/wp\/v2\/product_tag?post=4635"}],"curies":[{"name":"wp","href":"https:\/\/api.w.org\/{rel}","templated":true}]}}