{"id":4641,"date":"2024-04-27T17:11:46","date_gmt":"2024-04-27T23:11:46","guid":{"rendered":"https:\/\/libreriahistoriasdebolsillo.com\/?post_type=product&#038;p=4641"},"modified":"2025-02-14T18:08:33","modified_gmt":"2025-02-15T00:08:33","slug":"wonder-woman-el-libro-oficial-para-colorear","status":"publish","type":"product","link":"https:\/\/libreriahistoriasdebolsillo.com\/index.php\/producto\/wonder-woman-el-libro-oficial-para-colorear\/","title":{"rendered":"Wonder woman, el libro oficial para colorear"},"content":{"rendered":"<p>Acompa\u00f1a a la princesa amazona a defender la justicia, llena de colores su traje y viaja a la m\u00edtica Themyscira. Adem\u00e1s, viaja a trav\u00e9s del tiempo y aprende c\u00f3mo se ha caracterizado a esta ic\u00f3nica mujer en los c\u00f3mics. Cada l\u00e1mina te cuenta una historia diferente, \u00a1no te la pierdas!<\/p>\n","protected":false},"excerpt":{"rendered":"<p>Acompa\u00f1a a la princesa amazona a defender la justicia, llena de colores su traje y viaja a la m\u00edtica Themyscira. Adem\u00e1s, viaja a trav\u00e9s del tiempo y aprende c\u00f3mo se ha caracterizado a esta ic\u00f3nica mujer en los c\u00f3mics. Cada l\u00e1mina te cuenta una historia diferente, \u00a1no te la pierdas!<\/p>\n","protected":false},"featured_media":4642,"template":"","meta":{"_joinchat":[]},"product_brand":[],"product_cat":[50,51],"product_tag":[48],"class_list":{"0":"post-4641","1":"product","2":"type-product","3":"status-publish","4":"has-post-thumbnail","6":"product_cat-mandalas-y-libros-para-colorear","7":"product_cat-oferta","8":"product_tag-vr-editoras","10":"first","11":"instock","12":"shipping-taxable","13":"purchasable","14":"product-type-simple"},"_links":{"self":[{"href":"https:\/\/libreriahistoriasdebolsillo.com\/index.php\/wp-json\/wp\/v2\/product\/4641","targetHints":{"allow":["GET"]}}],"collection":[{"href":"https:\/\/libreriahistoriasdebolsillo.com\/index.php\/wp-json\/wp\/v2\/product"}],"about":[{"href":"https:\/\/libreriahistoriasdebolsillo.com\/index.php\/wp-json\/wp\/v2\/types\/product"}],"wp:featuredmedia":[{"embeddable":true,"href":"https:\/\/libreriahistoriasdebolsillo.com\/index.php\/wp-json\/wp\/v2\/media\/4642"}],"wp:attachment":[{"href":"https:\/\/libreriahistoriasdebolsillo.com\/index.php\/wp-json\/wp\/v2\/media?parent=4641"}],"wp:term":[{"taxonomy":"product_brand","embeddable":true,"href":"https:\/\/libreriahistoriasdebolsillo.com\/index.php\/wp-json\/wp\/v2\/product_brand?post=4641"},{"taxonomy":"product_cat","embeddable":true,"href":"https:\/\/libreriahistoriasdebolsillo.com\/index.php\/wp-json\/wp\/v2\/product_cat?post=4641"},{"taxonomy":"product_tag","embeddable":true,"href":"https:\/\/libreriahistoriasdebolsillo.com\/index.php\/wp-json\/wp\/v2\/product_tag?post=4641"}],"curies":[{"name":"wp","href":"https:\/\/api.w.org\/{rel}","templated":true}]}}