{"id":4643,"date":"2024-04-27T17:12:58","date_gmt":"2024-04-27T23:12:58","guid":{"rendered":"https:\/\/libreriahistoriasdebolsillo.com\/?post_type=product&#038;p=4643"},"modified":"2025-02-14T18:08:28","modified_gmt":"2025-02-15T00:08:28","slug":"dc-comic-el-libro-para-colorear","status":"publish","type":"product","link":"https:\/\/libreriahistoriasdebolsillo.com\/index.php\/producto\/dc-comic-el-libro-para-colorear\/","title":{"rendered":"DC comic, el libro para colorear"},"content":{"rendered":"<p>Lucha codo a codo con los superh\u00e9roes m\u00e1s fuertes y valientes de la tierra y t\u00fa tambi\u00e9n convi\u00e9rtete en un superh\u00e9roe. Con tus colores ll\u00e9nalos de poder y hero\u00edsmo con cada pincelada. \u00a1No importa que material utilices, pues no hay l\u00edmites para tu creatividad! Recrea las \u00e9picas aventuras del universo DC Comics.<\/p>\n","protected":false},"excerpt":{"rendered":"<p>Lucha codo a codo con los superh\u00e9roes m\u00e1s fuertes y valientes de la tierra y t\u00fa tambi\u00e9n convi\u00e9rtete en un superh\u00e9roe. Con tus colores ll\u00e9nalos de poder y hero\u00edsmo con cada pincelada. \u00a1No importa que material utilices, pues no hay l\u00edmites para tu creatividad! Recrea las \u00e9picas aventuras del universo DC Comics.<\/p>\n","protected":false},"featured_media":4644,"template":"","meta":{"_joinchat":[]},"product_brand":[],"product_cat":[50,51],"product_tag":[48],"class_list":{"0":"post-4643","1":"product","2":"type-product","3":"status-publish","4":"has-post-thumbnail","6":"product_cat-mandalas-y-libros-para-colorear","7":"product_cat-oferta","8":"product_tag-vr-editoras","10":"first","11":"instock","12":"shipping-taxable","13":"purchasable","14":"product-type-simple"},"_links":{"self":[{"href":"https:\/\/libreriahistoriasdebolsillo.com\/index.php\/wp-json\/wp\/v2\/product\/4643","targetHints":{"allow":["GET"]}}],"collection":[{"href":"https:\/\/libreriahistoriasdebolsillo.com\/index.php\/wp-json\/wp\/v2\/product"}],"about":[{"href":"https:\/\/libreriahistoriasdebolsillo.com\/index.php\/wp-json\/wp\/v2\/types\/product"}],"wp:featuredmedia":[{"embeddable":true,"href":"https:\/\/libreriahistoriasdebolsillo.com\/index.php\/wp-json\/wp\/v2\/media\/4644"}],"wp:attachment":[{"href":"https:\/\/libreriahistoriasdebolsillo.com\/index.php\/wp-json\/wp\/v2\/media?parent=4643"}],"wp:term":[{"taxonomy":"product_brand","embeddable":true,"href":"https:\/\/libreriahistoriasdebolsillo.com\/index.php\/wp-json\/wp\/v2\/product_brand?post=4643"},{"taxonomy":"product_cat","embeddable":true,"href":"https:\/\/libreriahistoriasdebolsillo.com\/index.php\/wp-json\/wp\/v2\/product_cat?post=4643"},{"taxonomy":"product_tag","embeddable":true,"href":"https:\/\/libreriahistoriasdebolsillo.com\/index.php\/wp-json\/wp\/v2\/product_tag?post=4643"}],"curies":[{"name":"wp","href":"https:\/\/api.w.org\/{rel}","templated":true}]}}