{"id":4648,"date":"2024-04-27T17:20:29","date_gmt":"2024-04-27T23:20:29","guid":{"rendered":"https:\/\/libreriahistoriasdebolsillo.com\/?post_type=product&#038;p=4648"},"modified":"2024-08-10T11:15:52","modified_gmt":"2024-08-10T17:15:52","slug":"and-i-darken-2-renace-de-las-sombras","status":"publish","type":"product","link":"https:\/\/libreriahistoriasdebolsillo.com\/index.php\/producto\/and-i-darken-2-renace-de-las-sombras\/","title":{"rendered":"And I darken 2. Renace de las sombras"},"content":{"rendered":"<p>Lada Dracul abandon\u00f3 a las dos \u00fanicas personas por las que alguna vez sinti\u00f3 algo parecido al amor &#8211; Radu, su hermano menor, y Mehmed, el sult\u00e1n otomano &#8211; para reclamar el trono de su tierra. Pero nada ser\u00e1 sencillo y su camino se convertir\u00e1 en un ba\u00f1o de sangre. Las cosas habr\u00edan sido distintas si su hermano hubiera aceptado su pedido de ayuda, pero \u00e9l, una vez m\u00e1s, eligi\u00f3 a Mehmed.<br \/>\nMientras tanto, Radu se dirige a Constantinopla con la misi\u00f3n de<br \/>\ninfiltrarse en la ciudad y ayudar al sult\u00e1n a cumplir su anhelado<br \/>\nprop\u00f3sito. Pero el joven se ve desgarrado entre sus lealtades,<br \/>\nsu fe y las personas a las que comienza a amar detr\u00e1s de los muros y a quienes deber\u00e1 traicionar. \u00bfHabr\u00e1 tomado la decisi\u00f3n correcta cuando rechaz\u00f3 a su hermana para quedarse con alguien que nunca lo corresponder\u00e1?<br \/>\nTodo comienza a arder alrededor de los hermanos Dracul. Los imperios caen, los tronos cuestan vidas y las almas se pierden.<br \/>\n\u00bfQu\u00e9 m\u00e1s sacrificar\u00e1n para cumplir con sus destinos?<\/p>\n","protected":false},"excerpt":{"rendered":"<p>Kiersten White<\/p>\n","protected":false},"featured_media":4649,"template":"","meta":{"_joinchat":[]},"product_brand":[],"product_cat":[39],"product_tag":[48],"class_list":{"0":"post-4648","1":"product","2":"type-product","3":"status-publish","4":"has-post-thumbnail","6":"product_cat-fantasia","7":"product_tag-vr-editoras","9":"first","10":"instock","11":"shipping-taxable","12":"purchasable","13":"product-type-simple"},"_links":{"self":[{"href":"https:\/\/libreriahistoriasdebolsillo.com\/index.php\/wp-json\/wp\/v2\/product\/4648","targetHints":{"allow":["GET"]}}],"collection":[{"href":"https:\/\/libreriahistoriasdebolsillo.com\/index.php\/wp-json\/wp\/v2\/product"}],"about":[{"href":"https:\/\/libreriahistoriasdebolsillo.com\/index.php\/wp-json\/wp\/v2\/types\/product"}],"wp:featuredmedia":[{"embeddable":true,"href":"https:\/\/libreriahistoriasdebolsillo.com\/index.php\/wp-json\/wp\/v2\/media\/4649"}],"wp:attachment":[{"href":"https:\/\/libreriahistoriasdebolsillo.com\/index.php\/wp-json\/wp\/v2\/media?parent=4648"}],"wp:term":[{"taxonomy":"product_brand","embeddable":true,"href":"https:\/\/libreriahistoriasdebolsillo.com\/index.php\/wp-json\/wp\/v2\/product_brand?post=4648"},{"taxonomy":"product_cat","embeddable":true,"href":"https:\/\/libreriahistoriasdebolsillo.com\/index.php\/wp-json\/wp\/v2\/product_cat?post=4648"},{"taxonomy":"product_tag","embeddable":true,"href":"https:\/\/libreriahistoriasdebolsillo.com\/index.php\/wp-json\/wp\/v2\/product_tag?post=4648"}],"curies":[{"name":"wp","href":"https:\/\/api.w.org\/{rel}","templated":true}]}}