{"id":4650,"date":"2024-04-27T17:22:18","date_gmt":"2024-04-27T23:22:18","guid":{"rendered":"https:\/\/libreriahistoriasdebolsillo.com\/?post_type=product&#038;p=4650"},"modified":"2024-08-10T11:15:48","modified_gmt":"2024-08-10T17:15:48","slug":"and-i-darken-3-y-todo-arde","status":"publish","type":"product","link":"https:\/\/libreriahistoriasdebolsillo.com\/index.php\/producto\/and-i-darken-3-y-todo-arde\/","title":{"rendered":"And I darken 3. Y todo arde"},"content":{"rendered":"<p>RECLAMA EL TRONO. TOMA la CORONA. GOBIERNA EL MUNDORadu es llamado a la nueva capital donde Mehmed est\u00e1 construyendo un imperio. Es que, aunque el sult\u00e1n nunca ha sido tan fuerte ni tan poderoso, sesiente desesperadamente solo.Por su parte, Lada ha creado una Valaquia libre de cr\u00edmenes y no descansar\u00e1 hasta que todo el mundo sepa que las fronteras de su pa\u00eds son inviolables.As\u00ed que cuando le env\u00eda a Mehmed los cuerpos de su comit\u00e9 de paz, el sult\u00e1n sabe que deber\u00e1 tomar una decisi\u00f3n inmediata: o le declara la guerraal pr\u00edncipe o reinar\u00e1 la muerte.Mehmed la ama y necesita que se rinda ante su poder para protegerla Radu teme que subestiman la voluntad indomable de su hermana.Solo hay una forma de que Lada consiga lo que desea: destruyendo su pasado.<\/p>\n","protected":false},"excerpt":{"rendered":"<p>Kiersten White<\/p>\n","protected":false},"featured_media":4651,"template":"","meta":{"_joinchat":[]},"product_brand":[],"product_cat":[39],"product_tag":[48],"class_list":{"0":"post-4650","1":"product","2":"type-product","3":"status-publish","4":"has-post-thumbnail","6":"product_cat-fantasia","7":"product_tag-vr-editoras","9":"first","10":"instock","11":"shipping-taxable","12":"purchasable","13":"product-type-simple"},"_links":{"self":[{"href":"https:\/\/libreriahistoriasdebolsillo.com\/index.php\/wp-json\/wp\/v2\/product\/4650","targetHints":{"allow":["GET"]}}],"collection":[{"href":"https:\/\/libreriahistoriasdebolsillo.com\/index.php\/wp-json\/wp\/v2\/product"}],"about":[{"href":"https:\/\/libreriahistoriasdebolsillo.com\/index.php\/wp-json\/wp\/v2\/types\/product"}],"wp:featuredmedia":[{"embeddable":true,"href":"https:\/\/libreriahistoriasdebolsillo.com\/index.php\/wp-json\/wp\/v2\/media\/4651"}],"wp:attachment":[{"href":"https:\/\/libreriahistoriasdebolsillo.com\/index.php\/wp-json\/wp\/v2\/media?parent=4650"}],"wp:term":[{"taxonomy":"product_brand","embeddable":true,"href":"https:\/\/libreriahistoriasdebolsillo.com\/index.php\/wp-json\/wp\/v2\/product_brand?post=4650"},{"taxonomy":"product_cat","embeddable":true,"href":"https:\/\/libreriahistoriasdebolsillo.com\/index.php\/wp-json\/wp\/v2\/product_cat?post=4650"},{"taxonomy":"product_tag","embeddable":true,"href":"https:\/\/libreriahistoriasdebolsillo.com\/index.php\/wp-json\/wp\/v2\/product_tag?post=4650"}],"curies":[{"name":"wp","href":"https:\/\/api.w.org\/{rel}","templated":true}]}}