{"id":4655,"date":"2024-04-27T17:29:07","date_gmt":"2024-04-27T23:29:07","guid":{"rendered":"https:\/\/libreriahistoriasdebolsillo.com\/?post_type=product&#038;p=4655"},"modified":"2024-04-27T17:29:07","modified_gmt":"2024-04-27T23:29:07","slug":"merlin-3-el-fuego-de-merlin","status":"publish","type":"product","link":"https:\/\/libreriahistoriasdebolsillo.com\/index.php\/producto\/merlin-3-el-fuego-de-merlin\/","title":{"rendered":"Merlin 3. El fuego de Merlin"},"content":{"rendered":"<p>En esta, la tercera historia de su epopeya art\u00farica, T. A. Barron a\u00f1ade una nueva y emocionante dimensi\u00f3n a la leyenda de Merl\u00edn.<\/p>\n<p>Alas de Fuego, el drag\u00f3n dormido, ha despertado amenazando con desatar su terrible ira sobrio toda Fincayra. Solo el joven Merl\u00edn, nieto del gran Mago Tuatha, puede detenerlo, auque el precio puede ser la vida del joven mago. Pero antes de que pueda enfrentarse a los fuegos del drag\u00f3n, Merl\u00edn debe soportar fuegos de otros tipos, incluidos los de su interior. Debe enfrentarse a los malvados kr\u00edlix, parecidos a murci\u00e9lagos, que existen solo para destruir la magia; a la misteriosa Rueda de Wye, hay la hechicera Urnalda, que tiene el preciado Galator. M\u00e1s desafiante, el joven Merl\u00edn ten\u00eda que descubrir no el poder, sino la fuente de su propia magia.<\/p>\n","protected":false},"excerpt":{"rendered":"<p>T.A. Barron<\/p>\n","protected":false},"featured_media":4656,"template":"","meta":{"_joinchat":[]},"product_brand":[],"product_cat":[39],"product_tag":[48],"class_list":{"0":"post-4655","1":"product","2":"type-product","3":"status-publish","4":"has-post-thumbnail","6":"product_cat-fantasia","7":"product_tag-vr-editoras","9":"first","10":"instock","11":"shipping-taxable","12":"purchasable","13":"product-type-simple"},"_links":{"self":[{"href":"https:\/\/libreriahistoriasdebolsillo.com\/index.php\/wp-json\/wp\/v2\/product\/4655","targetHints":{"allow":["GET"]}}],"collection":[{"href":"https:\/\/libreriahistoriasdebolsillo.com\/index.php\/wp-json\/wp\/v2\/product"}],"about":[{"href":"https:\/\/libreriahistoriasdebolsillo.com\/index.php\/wp-json\/wp\/v2\/types\/product"}],"wp:featuredmedia":[{"embeddable":true,"href":"https:\/\/libreriahistoriasdebolsillo.com\/index.php\/wp-json\/wp\/v2\/media\/4656"}],"wp:attachment":[{"href":"https:\/\/libreriahistoriasdebolsillo.com\/index.php\/wp-json\/wp\/v2\/media?parent=4655"}],"wp:term":[{"taxonomy":"product_brand","embeddable":true,"href":"https:\/\/libreriahistoriasdebolsillo.com\/index.php\/wp-json\/wp\/v2\/product_brand?post=4655"},{"taxonomy":"product_cat","embeddable":true,"href":"https:\/\/libreriahistoriasdebolsillo.com\/index.php\/wp-json\/wp\/v2\/product_cat?post=4655"},{"taxonomy":"product_tag","embeddable":true,"href":"https:\/\/libreriahistoriasdebolsillo.com\/index.php\/wp-json\/wp\/v2\/product_tag?post=4655"}],"curies":[{"name":"wp","href":"https:\/\/api.w.org\/{rel}","templated":true}]}}