{"id":4660,"date":"2024-04-29T15:41:20","date_gmt":"2024-04-29T21:41:20","guid":{"rendered":"https:\/\/libreriahistoriasdebolsillo.com\/?post_type=product&#038;p=4660"},"modified":"2025-11-26T18:19:40","modified_gmt":"2025-11-27T00:19:40","slug":"las-cronicas-de-dune-1-edicion-especial-tapa-dura","status":"publish","type":"product","link":"https:\/\/libreriahistoriasdebolsillo.com\/index.php\/producto\/las-cronicas-de-dune-1-edicion-especial-tapa-dura\/","title":{"rendered":"Las cr\u00f3nicas de Dune 1 (Edici\u00f3n especial tapa dura)"},"content":{"rendered":"<p><b><i>Dune<\/i>\u00a0es la primera novela de la serie hom\u00f3nima \u00abDune\u00bb de Frank Herbert, una obra maestra un\u00e1nimemente reconocida como la mejor saga de ciencia ficci\u00f3n de todos los tiempos.<\/b><\/p>\n<p><b>Arrakis<\/b>: un planeta des\u00e9rtico donde el agua es el bien m\u00e1s preciado y, donde llorar a los muertos es el s\u00edmbolo de m\u00e1xima prodigalidad.<\/p>\n<p><b>Paul Atreides<\/b>: un adolescente marcado por un destino singular, dotado de extra\u00f1os poderes y, abocado a convertirse en dictador, mes\u00edas y m\u00e1rtir.<\/p>\n<p><b>Los Harkonnen<\/b>: personificaci\u00f3n de las intrigas que rodean el Imperio Gal\u00e1ctico, buscan obtener el control sobre Arrakis para disponer de la melange, preciosa especia y uno de los bienes m\u00e1s codiciados del universo.<\/p>\n<p><b>Los Fremen<\/b>: seres libres que han convertido el inh\u00f3spito paraje de Dune en su hogar, y que se sienten orgullosos de su pasado y temerosos de su futuro.<\/p>\n","protected":false},"excerpt":{"rendered":"<p>Frank Herbert<\/p>\n","protected":false},"featured_media":4661,"template":"","meta":{"_joinchat":[]},"product_brand":[],"product_cat":[40],"product_tag":[34],"class_list":{"0":"post-4660","1":"product","2":"type-product","3":"status-publish","4":"has-post-thumbnail","6":"product_cat-ciencia-ficcion","7":"product_tag-penguin-random-house","9":"first","10":"outofstock","11":"shipping-taxable","12":"purchasable","13":"product-type-simple"},"_links":{"self":[{"href":"https:\/\/libreriahistoriasdebolsillo.com\/index.php\/wp-json\/wp\/v2\/product\/4660","targetHints":{"allow":["GET"]}}],"collection":[{"href":"https:\/\/libreriahistoriasdebolsillo.com\/index.php\/wp-json\/wp\/v2\/product"}],"about":[{"href":"https:\/\/libreriahistoriasdebolsillo.com\/index.php\/wp-json\/wp\/v2\/types\/product"}],"wp:featuredmedia":[{"embeddable":true,"href":"https:\/\/libreriahistoriasdebolsillo.com\/index.php\/wp-json\/wp\/v2\/media\/4661"}],"wp:attachment":[{"href":"https:\/\/libreriahistoriasdebolsillo.com\/index.php\/wp-json\/wp\/v2\/media?parent=4660"}],"wp:term":[{"taxonomy":"product_brand","embeddable":true,"href":"https:\/\/libreriahistoriasdebolsillo.com\/index.php\/wp-json\/wp\/v2\/product_brand?post=4660"},{"taxonomy":"product_cat","embeddable":true,"href":"https:\/\/libreriahistoriasdebolsillo.com\/index.php\/wp-json\/wp\/v2\/product_cat?post=4660"},{"taxonomy":"product_tag","embeddable":true,"href":"https:\/\/libreriahistoriasdebolsillo.com\/index.php\/wp-json\/wp\/v2\/product_tag?post=4660"}],"curies":[{"name":"wp","href":"https:\/\/api.w.org\/{rel}","templated":true}]}}