{"id":4666,"date":"2024-05-03T16:53:57","date_gmt":"2024-05-03T22:53:57","guid":{"rendered":"https:\/\/libreriahistoriasdebolsillo.com\/?post_type=product&#038;p=4666"},"modified":"2025-08-25T09:50:37","modified_gmt":"2025-08-25T15:50:37","slug":"las-viudas-de-los-jueves","status":"publish","type":"product","link":"https:\/\/libreriahistoriasdebolsillo.com\/index.php\/producto\/las-viudas-de-los-jueves\/","title":{"rendered":"Las viudas de los jueves"},"content":{"rendered":"<p>En Altos de la Cascada un grupo de amigos se re\u00fane cada semana. Una noche la rutina se rompe por un hecho que muestra el lado oscuro de una vida en apariencia perfecta.<\/p>\n<p><b>De la autora de\u00a0<i>Betib\u00fa<\/i>, Claudia Pi\u00f1eiro.<\/b><\/p>\n<p><b>Obra ganadora del Premio Clar\u00edn de Novela 2006.<\/b><\/p>\n<p>Detr\u00e1s de las altas paredes perimetrales, m\u00e1s all\u00e1 de los portones reforzados por barreras y flanqueados por garitas de vigilancia, se encuentra\u00a0<b>Altos de la Cascada<\/b>. Afuera, la ruta, la barriada popular de Santa Mar\u00eda de los Tigrecitos, la autopista, la ciudad, el resto del mundo.<\/p>\n<p>En Altos de la Cascada viven familias que llevan un mismo estilo de vida y que quieren mantenerlo cueste lo que cueste. All\u00ed, en el country, un grupo de amigos se re\u00fane semanalmente lejos de las miradas de sus hijos, sus empleadas dom\u00e9sticas y sus esposas, quienes, excluidas del encuentro varonil, se autodenominan, bromeando, \u00ablas viudas de los jueves\u00bb. Pero una noche la rutina se quiebra y ese hecho permite descubrir, en un pa\u00eds que se desmorona, el lado oscuro de una vida \u00abperfecta\u00bb.<\/p>\n","protected":false},"excerpt":{"rendered":"<p>Claudia Pi\u00f1eiro<\/p>\n","protected":false},"featured_media":4667,"template":"","meta":{"_joinchat":[]},"product_brand":[],"product_cat":[78],"product_tag":[34],"class_list":{"0":"post-4666","1":"product","2":"type-product","3":"status-publish","4":"has-post-thumbnail","6":"product_cat-contemporanea","7":"product_tag-penguin-random-house","9":"first","10":"outofstock","11":"shipping-taxable","12":"purchasable","13":"product-type-simple"},"_links":{"self":[{"href":"https:\/\/libreriahistoriasdebolsillo.com\/index.php\/wp-json\/wp\/v2\/product\/4666","targetHints":{"allow":["GET"]}}],"collection":[{"href":"https:\/\/libreriahistoriasdebolsillo.com\/index.php\/wp-json\/wp\/v2\/product"}],"about":[{"href":"https:\/\/libreriahistoriasdebolsillo.com\/index.php\/wp-json\/wp\/v2\/types\/product"}],"wp:featuredmedia":[{"embeddable":true,"href":"https:\/\/libreriahistoriasdebolsillo.com\/index.php\/wp-json\/wp\/v2\/media\/4667"}],"wp:attachment":[{"href":"https:\/\/libreriahistoriasdebolsillo.com\/index.php\/wp-json\/wp\/v2\/media?parent=4666"}],"wp:term":[{"taxonomy":"product_brand","embeddable":true,"href":"https:\/\/libreriahistoriasdebolsillo.com\/index.php\/wp-json\/wp\/v2\/product_brand?post=4666"},{"taxonomy":"product_cat","embeddable":true,"href":"https:\/\/libreriahistoriasdebolsillo.com\/index.php\/wp-json\/wp\/v2\/product_cat?post=4666"},{"taxonomy":"product_tag","embeddable":true,"href":"https:\/\/libreriahistoriasdebolsillo.com\/index.php\/wp-json\/wp\/v2\/product_tag?post=4666"}],"curies":[{"name":"wp","href":"https:\/\/api.w.org\/{rel}","templated":true}]}}