{"id":4681,"date":"2024-05-08T11:22:22","date_gmt":"2024-05-08T17:22:22","guid":{"rendered":"https:\/\/libreriahistoriasdebolsillo.com\/?post_type=product&#038;p=4681"},"modified":"2025-11-26T18:19:46","modified_gmt":"2025-11-27T00:19:46","slug":"el-mar-esta-lleno-de-medusas","status":"publish","type":"product","link":"https:\/\/libreriahistoriasdebolsillo.com\/index.php\/producto\/el-mar-esta-lleno-de-medusas\/","title":{"rendered":"El mar est\u00e1 lleno de medusas"},"content":{"rendered":"<p><b>\u00bfEn d\u00f3nde curan<\/b>\u00a0<b>el coraz\u00f3n que nosotras<\/b>\u00a0<b>mismas rompimos?<\/b><\/p>\n<p>La protagonista de El mar est\u00e1 lleno de medusas no ley\u00f3 bien las letras chiquitas del contrato de la\u00a0<b>adultez<\/b>\u00a0y ahora se dedica a recoger los restos de un\u00a0<b>amor<\/b>\u00a0que se supon\u00eda que iba a durar para siempre, en medio de un\u00a0<b>confinamiento mundial<\/b>. Con la firme esperanza de\u00a0<b>reencontrarse<\/b>\u00a0consigo misma, comienza a armar la historia de la d\u00e9cada de sus veinte a\u00f1os para conocerse en la versi\u00f3n de sus treinta.<\/p>\n<p>Esta es una historia entra\u00f1able sobre\u00a0<b>crecer<\/b>\u00a0y todas las cosas que salen mal en el intento: un primer trabajo y una primera historia de amor\u00a0<b>adulta<\/b>; una boda y un\u00a0<b>divorcio<\/b>; muchos\u00a0<b>sue\u00f1os rotos<\/b>, pero tambi\u00e9n la fuerza para salir adelante, reinventarse, re\u00edrse de s\u00ed misma y comenzar de nuevo gracias a los libros y a los abrazos de las\u00a0<b>amigas<\/b>.<\/p>\n","protected":false},"excerpt":{"rendered":"<p>Paola Carola<\/p>\n","protected":false},"featured_media":4682,"template":"","meta":{"_joinchat":[]},"product_brand":[],"product_cat":[58,33],"product_tag":[34],"class_list":{"0":"post-4681","1":"product","2":"type-product","3":"status-publish","4":"has-post-thumbnail","6":"product_cat-desarrollo-humano-y-superacion","7":"product_cat-ficcion-general","8":"product_tag-penguin-random-house","10":"first","11":"outofstock","12":"shipping-taxable","13":"purchasable","14":"product-type-simple"},"_links":{"self":[{"href":"https:\/\/libreriahistoriasdebolsillo.com\/index.php\/wp-json\/wp\/v2\/product\/4681","targetHints":{"allow":["GET"]}}],"collection":[{"href":"https:\/\/libreriahistoriasdebolsillo.com\/index.php\/wp-json\/wp\/v2\/product"}],"about":[{"href":"https:\/\/libreriahistoriasdebolsillo.com\/index.php\/wp-json\/wp\/v2\/types\/product"}],"wp:featuredmedia":[{"embeddable":true,"href":"https:\/\/libreriahistoriasdebolsillo.com\/index.php\/wp-json\/wp\/v2\/media\/4682"}],"wp:attachment":[{"href":"https:\/\/libreriahistoriasdebolsillo.com\/index.php\/wp-json\/wp\/v2\/media?parent=4681"}],"wp:term":[{"taxonomy":"product_brand","embeddable":true,"href":"https:\/\/libreriahistoriasdebolsillo.com\/index.php\/wp-json\/wp\/v2\/product_brand?post=4681"},{"taxonomy":"product_cat","embeddable":true,"href":"https:\/\/libreriahistoriasdebolsillo.com\/index.php\/wp-json\/wp\/v2\/product_cat?post=4681"},{"taxonomy":"product_tag","embeddable":true,"href":"https:\/\/libreriahistoriasdebolsillo.com\/index.php\/wp-json\/wp\/v2\/product_tag?post=4681"}],"curies":[{"name":"wp","href":"https:\/\/api.w.org\/{rel}","templated":true}]}}