{"id":4683,"date":"2024-05-08T11:25:17","date_gmt":"2024-05-08T17:25:17","guid":{"rendered":"https:\/\/libreriahistoriasdebolsillo.com\/?post_type=product&#038;p=4683"},"modified":"2026-03-27T17:12:21","modified_gmt":"2026-03-27T23:12:21","slug":"un-petalo-de-sangre-y-cristal","status":"publish","type":"product","link":"https:\/\/libreriahistoriasdebolsillo.com\/index.php\/producto\/un-petalo-de-sangre-y-cristal\/","title":{"rendered":"Crystal bloom 1. Un p\u00e9talo de sangre y cristal"},"content":{"rendered":"<p><b>Una reinterpretaci\u00f3n oscura de<\/b>\u00a0<i><b>Rapunzel<\/b><\/i><b>. <\/b><b>Un<\/b>\u00a0<i><b>romantasy<\/b><\/i><b> que har\u00e1 las delicias de las lectoras de Jennifer L. Armentrout, Sarah J. Maas y Rebecca Yarros.\u00a0<\/b><\/p>\n<p><b>\u00bfQu\u00e9 hace una flor tan hermosa <\/b><b>encerrada en una torre tan grande y<\/b>\u00a0<b>tenebrosa?<\/b><\/p>\n<p>Hace diecinueve a\u00f1os me rescataron de una masacre que no dej\u00f3 m\u00e1s supervivientes. Era peque\u00f1a, fr\u00e1gil. Un enigma.<\/p>\n<p>Ahora soy la protegida del Maestro, un hombre poderoso que sabe mucho y dice muy poco, y nunca traspaso los confines de la l\u00ednea imaginaria que delimita el terreno seguro alrededor del castillo.<\/p>\n<p>All\u00ed afuera, los monstruos acechan. Aqu\u00ed estoy a salvo&#8230;, aunque el precio que debo pagar sea un amor no correspondido hacia un hombre encerrado en s\u00ed mismo.<\/p>\n<p>Sin embargo, cuando la oscuridad comienza a apoderarse de nuestra tierra, los p\u00e9talos de la realidad caen uno a uno hasta revelar una verdad terrible. En una fortaleza atestada de secretos, ninguno resulta ser mayor que el que se esconde en mi interior.<\/p>\n<p>Y no hay torre lo bastante alta como para protegerme de aquello que podr\u00eda romperme el coraz\u00f3n.<\/p>\n","protected":false},"excerpt":{"rendered":"<p>Sarah A. Parker<\/p>\n","protected":false},"featured_media":4684,"template":"","meta":{"_joinchat":[]},"product_brand":[],"product_cat":[51,76],"product_tag":[34],"class_list":{"0":"post-4683","1":"product","2":"type-product","3":"status-publish","4":"has-post-thumbnail","6":"product_cat-oferta","7":"product_cat-romantasy","8":"product_tag-penguin-random-house","10":"first","11":"outofstock","12":"sale","13":"shipping-taxable","14":"purchasable","15":"product-type-simple"},"_links":{"self":[{"href":"https:\/\/libreriahistoriasdebolsillo.com\/index.php\/wp-json\/wp\/v2\/product\/4683","targetHints":{"allow":["GET"]}}],"collection":[{"href":"https:\/\/libreriahistoriasdebolsillo.com\/index.php\/wp-json\/wp\/v2\/product"}],"about":[{"href":"https:\/\/libreriahistoriasdebolsillo.com\/index.php\/wp-json\/wp\/v2\/types\/product"}],"wp:featuredmedia":[{"embeddable":true,"href":"https:\/\/libreriahistoriasdebolsillo.com\/index.php\/wp-json\/wp\/v2\/media\/4684"}],"wp:attachment":[{"href":"https:\/\/libreriahistoriasdebolsillo.com\/index.php\/wp-json\/wp\/v2\/media?parent=4683"}],"wp:term":[{"taxonomy":"product_brand","embeddable":true,"href":"https:\/\/libreriahistoriasdebolsillo.com\/index.php\/wp-json\/wp\/v2\/product_brand?post=4683"},{"taxonomy":"product_cat","embeddable":true,"href":"https:\/\/libreriahistoriasdebolsillo.com\/index.php\/wp-json\/wp\/v2\/product_cat?post=4683"},{"taxonomy":"product_tag","embeddable":true,"href":"https:\/\/libreriahistoriasdebolsillo.com\/index.php\/wp-json\/wp\/v2\/product_tag?post=4683"}],"curies":[{"name":"wp","href":"https:\/\/api.w.org\/{rel}","templated":true}]}}