{"id":4691,"date":"2024-05-08T11:38:53","date_gmt":"2024-05-08T17:38:53","guid":{"rendered":"https:\/\/libreriahistoriasdebolsillo.com\/?post_type=product&#038;p=4691"},"modified":"2026-04-23T12:59:25","modified_gmt":"2026-04-23T18:59:25","slug":"time-keeper-1-el-eco-del-destino","status":"publish","type":"product","link":"https:\/\/libreriahistoriasdebolsillo.com\/index.php\/producto\/time-keeper-1-el-eco-del-destino\/","title":{"rendered":"Time Keeper 1. El eco del destino"},"content":{"rendered":"<p><b>LA SAGA DE FANTAS\u00cdA M\u00c1S AMBICIOSA Y ADICTIVA DE LAS AUTORAS DE\u00a0<i>P\u00c9TALOS DE PAPEL&#8230;\u00a0<\/i><\/b><\/p>\n<p><b>CADA VEZ QUE SE USA EL AMULETO DEL TIEMPO, EL RESTO DEL MUNDO SUFRE.<\/b><\/p>\n<p>Nathan Tabiz aprendi\u00f3 esa lecci\u00f3n hace muchos a\u00f1os, igual que aprendi\u00f3 que el mundo m\u00e1s all\u00e1 de las murallas del Sacro Reino de Daiva es peligroso y est\u00e1 lleno de demonios. Aprendi\u00f3, tambi\u00e9n, que el poder del tiempo es codiciado y perseguido y que el deber de los celestiales es protegerlo.<\/p>\n<p>Por eso, cuando hered\u00f3 el Amuleto, ya sab\u00eda que jam\u00e1s deb\u00eda usarlo. Lleva toda la vida jurando que no lo har\u00e1: lo jur\u00f3 cuando su madre lo dej\u00f3 en sus manos, se lo ha jurado mil veces al dios al que sirve, se lo ha jurado otras mil a sus amigos.<\/p>\n<p>Sin embargo, nunca le ha dicho a nadie todas las veces que ha querido romper su palabra:<\/p>\n<p>Cuando su madre muri\u00f3.<\/p>\n<p>Cuando le nombraron Portador.<\/p>\n<p>Cuando dio su primer beso.<\/p>\n<p>&nbsp;<\/p>\n<p>S\u00ed, Nathan Tabiz sabe que no debe usar el Amuleto.<\/p>\n<p>&nbsp;<\/p>\n<p><b>Lo que no sabe es que la persona de la que se ha enamorado morir\u00e1 en tres d\u00edas.<\/b><\/p>\n","protected":false},"excerpt":{"rendered":"<p>Iria G. Parente y Selene M. Pascual<\/p>\n","protected":false},"featured_media":4692,"template":"","meta":{"_joinchat":[]},"product_brand":[],"product_cat":[39,38],"product_tag":[34],"class_list":{"0":"post-4691","1":"product","2":"type-product","3":"status-publish","4":"has-post-thumbnail","6":"product_cat-fantasia","7":"product_cat-lgbtq","8":"product_tag-penguin-random-house","10":"first","11":"outofstock","12":"shipping-taxable","13":"purchasable","14":"product-type-simple"},"_links":{"self":[{"href":"https:\/\/libreriahistoriasdebolsillo.com\/index.php\/wp-json\/wp\/v2\/product\/4691","targetHints":{"allow":["GET"]}}],"collection":[{"href":"https:\/\/libreriahistoriasdebolsillo.com\/index.php\/wp-json\/wp\/v2\/product"}],"about":[{"href":"https:\/\/libreriahistoriasdebolsillo.com\/index.php\/wp-json\/wp\/v2\/types\/product"}],"wp:featuredmedia":[{"embeddable":true,"href":"https:\/\/libreriahistoriasdebolsillo.com\/index.php\/wp-json\/wp\/v2\/media\/4692"}],"wp:attachment":[{"href":"https:\/\/libreriahistoriasdebolsillo.com\/index.php\/wp-json\/wp\/v2\/media?parent=4691"}],"wp:term":[{"taxonomy":"product_brand","embeddable":true,"href":"https:\/\/libreriahistoriasdebolsillo.com\/index.php\/wp-json\/wp\/v2\/product_brand?post=4691"},{"taxonomy":"product_cat","embeddable":true,"href":"https:\/\/libreriahistoriasdebolsillo.com\/index.php\/wp-json\/wp\/v2\/product_cat?post=4691"},{"taxonomy":"product_tag","embeddable":true,"href":"https:\/\/libreriahistoriasdebolsillo.com\/index.php\/wp-json\/wp\/v2\/product_tag?post=4691"}],"curies":[{"name":"wp","href":"https:\/\/api.w.org\/{rel}","templated":true}]}}