{"id":4695,"date":"2024-05-08T11:44:18","date_gmt":"2024-05-08T17:44:18","guid":{"rendered":"https:\/\/libreriahistoriasdebolsillo.com\/?post_type=product&#038;p=4695"},"modified":"2025-11-26T18:20:45","modified_gmt":"2025-11-27T00:20:45","slug":"un-inesperado-nosotros","status":"publish","type":"product","link":"https:\/\/libreriahistoriasdebolsillo.com\/index.php\/producto\/un-inesperado-nosotros\/","title":{"rendered":"Un inesperado nosotros"},"content":{"rendered":"<p><b>\u00bfCU\u00c1NDO ES DEMASIADO TARDE<\/b>\u00a0<b>PARA EMPEZAR DE CERO?<\/b><\/p>\n<p>Gia Davies se ha dado cuenta de que su\u00a0<b>carrera<\/b>\u00a0no le gusta, su\u00a0<b>relaci\u00f3n<\/b>\u00a0es un\u00a0<b>fracaso<\/b>\u00a0y tiene la sensaci\u00f3n de estar tirando a la basura a\u00f1os de estudio y esfuerzo. As\u00ed que decide mudarse a\u00a0<b>Nueva York<\/b>\u00a0para comenzar de nuevo.<\/p>\n<p>Nosabe si est\u00e1 haciendo lo correcto, sobre todo cuando acepta\u00a0<b>compartir<\/b>\u00a0departamento con Adrien Hall, el mejor amigo de su hermano y, seg\u00fan ella, el mayor idiota del mundo. Siempre\u00a0<b>discuten<\/b>\u00a0y la tensi\u00f3n entre ambos es real, pero situaciones desesperadas requieren medidas desesperadas.<\/p>\n<p>Y\u2026 \u00bfqui\u00e9n sabe? Quiz\u00e1 compartir departamento con Adrien no sea tan mala idea&#8230;<\/p>\n<p>\u00bfEl problema? Solo hay\u00a0<b>una<\/b>\u00a0habitaci\u00f3n.<\/p>\n<p>Y ninguno de los dos est\u00e1 dispuesto a dormir en el sof\u00e1.<\/p>\n","protected":false},"excerpt":{"rendered":"<p>Andrea Smith<\/p>\n","protected":false},"featured_media":4696,"template":"","meta":{"_joinchat":[]},"product_brand":[],"product_cat":[52,35],"product_tag":[34],"class_list":{"0":"post-4695","1":"product","2":"type-product","3":"status-publish","4":"has-post-thumbnail","6":"product_cat-juvenil","7":"product_cat-romantica","8":"product_tag-penguin-random-house","10":"first","11":"outofstock","12":"shipping-taxable","13":"purchasable","14":"product-type-simple"},"_links":{"self":[{"href":"https:\/\/libreriahistoriasdebolsillo.com\/index.php\/wp-json\/wp\/v2\/product\/4695","targetHints":{"allow":["GET"]}}],"collection":[{"href":"https:\/\/libreriahistoriasdebolsillo.com\/index.php\/wp-json\/wp\/v2\/product"}],"about":[{"href":"https:\/\/libreriahistoriasdebolsillo.com\/index.php\/wp-json\/wp\/v2\/types\/product"}],"wp:featuredmedia":[{"embeddable":true,"href":"https:\/\/libreriahistoriasdebolsillo.com\/index.php\/wp-json\/wp\/v2\/media\/4696"}],"wp:attachment":[{"href":"https:\/\/libreriahistoriasdebolsillo.com\/index.php\/wp-json\/wp\/v2\/media?parent=4695"}],"wp:term":[{"taxonomy":"product_brand","embeddable":true,"href":"https:\/\/libreriahistoriasdebolsillo.com\/index.php\/wp-json\/wp\/v2\/product_brand?post=4695"},{"taxonomy":"product_cat","embeddable":true,"href":"https:\/\/libreriahistoriasdebolsillo.com\/index.php\/wp-json\/wp\/v2\/product_cat?post=4695"},{"taxonomy":"product_tag","embeddable":true,"href":"https:\/\/libreriahistoriasdebolsillo.com\/index.php\/wp-json\/wp\/v2\/product_tag?post=4695"}],"curies":[{"name":"wp","href":"https:\/\/api.w.org\/{rel}","templated":true}]}}