{"id":4697,"date":"2024-05-08T11:47:58","date_gmt":"2024-05-08T17:47:58","guid":{"rendered":"https:\/\/libreriahistoriasdebolsillo.com\/?post_type=product&#038;p=4697"},"modified":"2024-08-06T13:44:23","modified_gmt":"2024-08-06T19:44:23","slug":"trilogia-hermanos-hidalgo-1-a-traves-de-mi-ventana-ed-ilustrada","status":"publish","type":"product","link":"https:\/\/libreriahistoriasdebolsillo.com\/index.php\/producto\/trilogia-hermanos-hidalgo-1-a-traves-de-mi-ventana-ed-ilustrada\/","title":{"rendered":"Trilog\u00eda Hermanos Hidalgo 1. A trav\u00e9s de mi ventana (Ed. ilustrada)"},"content":{"rendered":"<p><b>El \u00e9xito internacional de Ariana Godoy en Wattpad: un magn\u00e9tico juego de seducci\u00f3n que te tendr\u00e1 atrapado en sus redes, ahora con nuevas escenas sobre los secretos de Ares.<\/b><\/p>\n<p>Raquel lleva toda la vida loca por Ares, su atractivo y misterioso vecino. Lo observa sin ser vista\u00a0<b>desde su ventana<\/b>\u00a0y es que, muy a su pesar, no han intercambiado ni una triste palabra. Lo que Raquel no sabe es que eso est\u00e1 a punto de cambiar&#8230; Ares comenzar\u00e1 a cruzarse en su camino hasta en los lugares m\u00e1s inesperados y descubrir\u00e1 que, en realidad, Raquel no es la ni\u00f1a inocente que cre\u00eda. Ahora, Raquel tiene muy claro su objetivo: conseguir que Ares se\u00a0<b>enamore<\/b>\u00a0de ella. Por supuesto, no est\u00e1 dispuesta a perderlo todo por el camino, y mucho menos a s\u00ed misma\u2026<\/p>\n","protected":false},"excerpt":{"rendered":"<p>Ariana Godoy<\/p>\n","protected":false},"featured_media":4698,"template":"","meta":{"_joinchat":[]},"product_brand":[],"product_cat":[79,52,51,35],"product_tag":[34,57],"class_list":{"0":"post-4697","1":"product","2":"type-product","3":"status-publish","4":"has-post-thumbnail","6":"product_cat-campana-punto-naranja","7":"product_cat-juvenil","8":"product_cat-oferta","9":"product_cat-romantica","10":"product_tag-penguin-random-house","11":"product_tag-wattpad","13":"first","14":"outofstock","15":"sale","16":"shipping-taxable","17":"purchasable","18":"product-type-simple"},"_links":{"self":[{"href":"https:\/\/libreriahistoriasdebolsillo.com\/index.php\/wp-json\/wp\/v2\/product\/4697","targetHints":{"allow":["GET"]}}],"collection":[{"href":"https:\/\/libreriahistoriasdebolsillo.com\/index.php\/wp-json\/wp\/v2\/product"}],"about":[{"href":"https:\/\/libreriahistoriasdebolsillo.com\/index.php\/wp-json\/wp\/v2\/types\/product"}],"wp:featuredmedia":[{"embeddable":true,"href":"https:\/\/libreriahistoriasdebolsillo.com\/index.php\/wp-json\/wp\/v2\/media\/4698"}],"wp:attachment":[{"href":"https:\/\/libreriahistoriasdebolsillo.com\/index.php\/wp-json\/wp\/v2\/media?parent=4697"}],"wp:term":[{"taxonomy":"product_brand","embeddable":true,"href":"https:\/\/libreriahistoriasdebolsillo.com\/index.php\/wp-json\/wp\/v2\/product_brand?post=4697"},{"taxonomy":"product_cat","embeddable":true,"href":"https:\/\/libreriahistoriasdebolsillo.com\/index.php\/wp-json\/wp\/v2\/product_cat?post=4697"},{"taxonomy":"product_tag","embeddable":true,"href":"https:\/\/libreriahistoriasdebolsillo.com\/index.php\/wp-json\/wp\/v2\/product_tag?post=4697"}],"curies":[{"name":"wp","href":"https:\/\/api.w.org\/{rel}","templated":true}]}}