{"id":4699,"date":"2024-05-08T11:52:59","date_gmt":"2024-05-08T17:52:59","guid":{"rendered":"https:\/\/libreriahistoriasdebolsillo.com\/?post_type=product&#038;p=4699"},"modified":"2024-09-19T15:41:10","modified_gmt":"2024-09-19T21:41:10","slug":"nerd-1","status":"publish","type":"product","link":"https:\/\/libreriahistoriasdebolsillo.com\/index.php\/producto\/nerd-1\/","title":{"rendered":"Nerd 1"},"content":{"rendered":"<p><b>BIENVENIDOS AL ABISMO&#8230;<\/b><\/p>\n<p>Las\u00a0<b>obsesiones<\/b>\u00a0nunca son buenas y menos cuando son\u00a0<b>enfermizas<\/b>. O eso tendr\u00eda que haber pensado\u00a0<b>Sina\u00ed Ferreira<\/b>\u00a0antes de interferir en los secretos y la vida de los Frey.<\/p>\n<p>Por desgracia, nunca elegimos de qui\u00e9n nos\u00a0<b>obsesionamos<\/b>\u00a0y en este caso no iba a ser diferente. Una vez puestos los ojos sobre su presa, Sina\u00ed har\u00eda cualquier cosa para conseguirla.<\/p>\n<p>Peligrosamente atractivo. Un prodigio. Adicto a revivir personas. Axer Frey era el \u00faltimo chico que una nerd intentar\u00eda alcanzar.<\/p>\n<p>Menos ella.<\/p>\n<p>Secretos, jugadas de ajedrez y una arrolladora tensi\u00f3n sexual llevar\u00e1n a Sina\u00ed al fondo de un abismo\u2026 del que no querr\u00e1 salir jam\u00e1s.<\/p>\n","protected":false},"excerpt":{"rendered":"<p>Axael Velasquez<\/p>\n","protected":false},"featured_media":4700,"template":"","meta":{"_joinchat":[]},"product_brand":[],"product_cat":[79,52,51,35],"product_tag":[34,57],"class_list":{"0":"post-4699","1":"product","2":"type-product","3":"status-publish","4":"has-post-thumbnail","6":"product_cat-campana-punto-naranja","7":"product_cat-juvenil","8":"product_cat-oferta","9":"product_cat-romantica","10":"product_tag-penguin-random-house","11":"product_tag-wattpad","13":"first","14":"outofstock","15":"sale","16":"shipping-taxable","17":"purchasable","18":"product-type-simple"},"_links":{"self":[{"href":"https:\/\/libreriahistoriasdebolsillo.com\/index.php\/wp-json\/wp\/v2\/product\/4699","targetHints":{"allow":["GET"]}}],"collection":[{"href":"https:\/\/libreriahistoriasdebolsillo.com\/index.php\/wp-json\/wp\/v2\/product"}],"about":[{"href":"https:\/\/libreriahistoriasdebolsillo.com\/index.php\/wp-json\/wp\/v2\/types\/product"}],"wp:featuredmedia":[{"embeddable":true,"href":"https:\/\/libreriahistoriasdebolsillo.com\/index.php\/wp-json\/wp\/v2\/media\/4700"}],"wp:attachment":[{"href":"https:\/\/libreriahistoriasdebolsillo.com\/index.php\/wp-json\/wp\/v2\/media?parent=4699"}],"wp:term":[{"taxonomy":"product_brand","embeddable":true,"href":"https:\/\/libreriahistoriasdebolsillo.com\/index.php\/wp-json\/wp\/v2\/product_brand?post=4699"},{"taxonomy":"product_cat","embeddable":true,"href":"https:\/\/libreriahistoriasdebolsillo.com\/index.php\/wp-json\/wp\/v2\/product_cat?post=4699"},{"taxonomy":"product_tag","embeddable":true,"href":"https:\/\/libreriahistoriasdebolsillo.com\/index.php\/wp-json\/wp\/v2\/product_tag?post=4699"}],"curies":[{"name":"wp","href":"https:\/\/api.w.org\/{rel}","templated":true}]}}