{"id":4701,"date":"2024-05-08T11:55:06","date_gmt":"2024-05-08T17:55:06","guid":{"rendered":"https:\/\/libreriahistoriasdebolsillo.com\/?post_type=product&#038;p=4701"},"modified":"2024-09-19T15:41:05","modified_gmt":"2024-09-19T21:41:05","slug":"nerd-2","status":"publish","type":"product","link":"https:\/\/libreriahistoriasdebolsillo.com\/index.php\/producto\/nerd-2\/","title":{"rendered":"Nerd 2"},"content":{"rendered":"<p><b>LA PARTIDA LLEGA A SU FIN&#8230;<\/b><\/p>\n<p>Sina\u00ed Ferreira har\u00eda cualquier cosa para conseguir a\u00a0<b>Axer Frey,<\/b>\u00a0pero har\u00eda muchas m\u00e1s por ganarle y, si eso significa poner en marcha la partida m\u00e1s importante de su vida, que as\u00ed sea.<\/p>\n<p>La relaci\u00f3n con los Frey se intensifica cada vez m\u00e1s y termina por atrapar a\u00a0<b>Sina\u00ed<\/b>\u00a0en medio de las disputas y rencillas familiares, pero en lugar de temerlos, los reconoce como\u00a0<b>rivales dignos de su intelecto.<\/b><\/p>\n<p>As\u00ed que llega el momento: las\u00a0<b>piezas<\/b> est\u00e1n colocadas en el tablero y ya es hora de que alguno d\u00e9 jaque mate a esta tensa persecuci\u00f3n que comenz\u00f3 con una simple partida de ajedrez.<\/p>\n","protected":false},"excerpt":{"rendered":"<p>Axael Velasquez<\/p>\n","protected":false},"featured_media":4702,"template":"","meta":{"_joinchat":[]},"product_brand":[],"product_cat":[79,52,51,35],"product_tag":[34,57],"class_list":{"0":"post-4701","1":"product","2":"type-product","3":"status-publish","4":"has-post-thumbnail","6":"product_cat-campana-punto-naranja","7":"product_cat-juvenil","8":"product_cat-oferta","9":"product_cat-romantica","10":"product_tag-penguin-random-house","11":"product_tag-wattpad","13":"first","14":"outofstock","15":"sale","16":"shipping-taxable","17":"purchasable","18":"product-type-simple"},"_links":{"self":[{"href":"https:\/\/libreriahistoriasdebolsillo.com\/index.php\/wp-json\/wp\/v2\/product\/4701","targetHints":{"allow":["GET"]}}],"collection":[{"href":"https:\/\/libreriahistoriasdebolsillo.com\/index.php\/wp-json\/wp\/v2\/product"}],"about":[{"href":"https:\/\/libreriahistoriasdebolsillo.com\/index.php\/wp-json\/wp\/v2\/types\/product"}],"wp:featuredmedia":[{"embeddable":true,"href":"https:\/\/libreriahistoriasdebolsillo.com\/index.php\/wp-json\/wp\/v2\/media\/4702"}],"wp:attachment":[{"href":"https:\/\/libreriahistoriasdebolsillo.com\/index.php\/wp-json\/wp\/v2\/media?parent=4701"}],"wp:term":[{"taxonomy":"product_brand","embeddable":true,"href":"https:\/\/libreriahistoriasdebolsillo.com\/index.php\/wp-json\/wp\/v2\/product_brand?post=4701"},{"taxonomy":"product_cat","embeddable":true,"href":"https:\/\/libreriahistoriasdebolsillo.com\/index.php\/wp-json\/wp\/v2\/product_cat?post=4701"},{"taxonomy":"product_tag","embeddable":true,"href":"https:\/\/libreriahistoriasdebolsillo.com\/index.php\/wp-json\/wp\/v2\/product_tag?post=4701"}],"curies":[{"name":"wp","href":"https:\/\/api.w.org\/{rel}","templated":true}]}}