{"id":4705,"date":"2024-05-08T12:00:59","date_gmt":"2024-05-08T18:00:59","guid":{"rendered":"https:\/\/libreriahistoriasdebolsillo.com\/?post_type=product&#038;p=4705"},"modified":"2024-08-06T13:44:09","modified_gmt":"2024-08-06T19:44:09","slug":"emily-in-paris","status":"publish","type":"product","link":"https:\/\/libreriahistoriasdebolsillo.com\/index.php\/producto\/emily-in-paris\/","title":{"rendered":"Emily in paris"},"content":{"rendered":"<p><b>Despu\u00e9s de dejarlo todo atr\u00e1s y aceptar el trabajo de sus sue\u00f1os en Par\u00eds, Emily Cooper, ejecutiva de marketing de Chicago, estrena una vida de aventuras mientras compagina trabajo, amistad y, sobre todo, amor.<\/b><\/p>\n<p>No lo puedo creer. Estoy en un taxi, y el coraz\u00f3n me late tan fuerte que est\u00e1 a punto de explotar. Yo,\u00a0<b>Emily Cooper<\/b>\u2026 \u00a1<b>en Par\u00eds<\/b>! \u00a1Qu\u00e9 maravilla! En la vida, todos necesitamos\u00a0<b>sue\u00f1os<\/b>\u00a0que cumplir para sentirnos vivos, y yo estoy haciendo realidad el m\u00edo. Las calles de Par\u00eds desfilan ante mis ojos y siento mariposas en el est\u00f3mago cada vez que veo un edificio nuevo, las luces de la noche y el olor de los cruasanes reci\u00e9n horneados a primera hora de la ma\u00f1ana. Es verdad, lo admito. Una parte de m\u00ed est\u00e1 un poquito asustada porque encontrar tu lugar en un sitio nuevo es complicado y porque, a veces, la realidad no se ajusta a lo que hab\u00edamos idealizado. Pero luego salgo a la calle y lo olvido todo, pues Par\u00eds es la ciudad m\u00e1s emocionante del mundo. Nunca sabes qu\u00e9 va a pasar.<\/p>\n","protected":false},"excerpt":{"rendered":"<p>Catherine Kalengula<\/p>\n","protected":false},"featured_media":4706,"template":"","meta":{"_joinchat":[]},"product_brand":[],"product_cat":[79,52,51,35],"product_tag":[34],"class_list":{"0":"post-4705","1":"product","2":"type-product","3":"status-publish","4":"has-post-thumbnail","6":"product_cat-campana-punto-naranja","7":"product_cat-juvenil","8":"product_cat-oferta","9":"product_cat-romantica","10":"product_tag-penguin-random-house","12":"first","13":"outofstock","14":"sale","15":"shipping-taxable","16":"purchasable","17":"product-type-simple"},"_links":{"self":[{"href":"https:\/\/libreriahistoriasdebolsillo.com\/index.php\/wp-json\/wp\/v2\/product\/4705","targetHints":{"allow":["GET"]}}],"collection":[{"href":"https:\/\/libreriahistoriasdebolsillo.com\/index.php\/wp-json\/wp\/v2\/product"}],"about":[{"href":"https:\/\/libreriahistoriasdebolsillo.com\/index.php\/wp-json\/wp\/v2\/types\/product"}],"wp:featuredmedia":[{"embeddable":true,"href":"https:\/\/libreriahistoriasdebolsillo.com\/index.php\/wp-json\/wp\/v2\/media\/4706"}],"wp:attachment":[{"href":"https:\/\/libreriahistoriasdebolsillo.com\/index.php\/wp-json\/wp\/v2\/media?parent=4705"}],"wp:term":[{"taxonomy":"product_brand","embeddable":true,"href":"https:\/\/libreriahistoriasdebolsillo.com\/index.php\/wp-json\/wp\/v2\/product_brand?post=4705"},{"taxonomy":"product_cat","embeddable":true,"href":"https:\/\/libreriahistoriasdebolsillo.com\/index.php\/wp-json\/wp\/v2\/product_cat?post=4705"},{"taxonomy":"product_tag","embeddable":true,"href":"https:\/\/libreriahistoriasdebolsillo.com\/index.php\/wp-json\/wp\/v2\/product_tag?post=4705"}],"curies":[{"name":"wp","href":"https:\/\/api.w.org\/{rel}","templated":true}]}}