{"id":4707,"date":"2024-05-08T12:03:19","date_gmt":"2024-05-08T18:03:19","guid":{"rendered":"https:\/\/libreriahistoriasdebolsillo.com\/?post_type=product&#038;p=4707"},"modified":"2024-08-06T13:44:04","modified_gmt":"2024-08-06T19:44:04","slug":"poni","status":"publish","type":"product","link":"https:\/\/libreriahistoriasdebolsillo.com\/index.php\/producto\/poni\/","title":{"rendered":"Poni"},"content":{"rendered":"<p><b>LA VERDADERA AMISTAD ES LA MEJOR COMPA\u00d1ERA DE VIAJE.<\/b><\/p>\n<p>Silas, de doce a\u00f1os, despierta en la oscuridad de la noche y descubre que tres jinetes han llegado para llevarse a su padre.<\/p>\n<p>El chico se queda solo y asustado, pero, cuando el destino lleva a un poni a aparecer en su puerta, sabe lo que tiene que hacer: partir en un\u00a0<b>peligroso viaje<\/b>\u00a0a trav\u00e9s del vasto\u00a0<b>paisaje americano<\/b>\u00a0para encontrar a su \u00fanica familia. Un viaje que lo conectar\u00e1 con su pasado y su futuro, y con los insondables misterios del mundo que lo rodea.<\/p>\n<p><b>R.J. Palacio<\/b>, la aclamada autora de\u00a0<i><b>Wonder. La lecci\u00f3n de<\/b><\/i>\u00a0<i><b>August,<\/b><\/i>\u00a0teje una bell\u00edsima y desgarradora historia sobre el poder del amor y sobre los v\u00ednculos que nos unen a trav\u00e9s de la distancia y el tiempo.<\/p>\n<p>Un cl\u00e1sico moderno capaz de llegar a lectores de todas las edades.<\/p>\n","protected":false},"excerpt":{"rendered":"<p>R.J. Palacio<\/p>\n","protected":false},"featured_media":4708,"template":"","meta":{"_joinchat":[]},"product_brand":[],"product_cat":[79,52,51],"product_tag":[34],"class_list":{"0":"post-4707","1":"product","2":"type-product","3":"status-publish","4":"has-post-thumbnail","6":"product_cat-campana-punto-naranja","7":"product_cat-juvenil","8":"product_cat-oferta","9":"product_tag-penguin-random-house","11":"first","12":"outofstock","13":"sale","14":"shipping-taxable","15":"purchasable","16":"product-type-simple"},"_links":{"self":[{"href":"https:\/\/libreriahistoriasdebolsillo.com\/index.php\/wp-json\/wp\/v2\/product\/4707","targetHints":{"allow":["GET"]}}],"collection":[{"href":"https:\/\/libreriahistoriasdebolsillo.com\/index.php\/wp-json\/wp\/v2\/product"}],"about":[{"href":"https:\/\/libreriahistoriasdebolsillo.com\/index.php\/wp-json\/wp\/v2\/types\/product"}],"wp:featuredmedia":[{"embeddable":true,"href":"https:\/\/libreriahistoriasdebolsillo.com\/index.php\/wp-json\/wp\/v2\/media\/4708"}],"wp:attachment":[{"href":"https:\/\/libreriahistoriasdebolsillo.com\/index.php\/wp-json\/wp\/v2\/media?parent=4707"}],"wp:term":[{"taxonomy":"product_brand","embeddable":true,"href":"https:\/\/libreriahistoriasdebolsillo.com\/index.php\/wp-json\/wp\/v2\/product_brand?post=4707"},{"taxonomy":"product_cat","embeddable":true,"href":"https:\/\/libreriahistoriasdebolsillo.com\/index.php\/wp-json\/wp\/v2\/product_cat?post=4707"},{"taxonomy":"product_tag","embeddable":true,"href":"https:\/\/libreriahistoriasdebolsillo.com\/index.php\/wp-json\/wp\/v2\/product_tag?post=4707"}],"curies":[{"name":"wp","href":"https:\/\/api.w.org\/{rel}","templated":true}]}}