{"id":4711,"date":"2024-05-08T12:13:49","date_gmt":"2024-05-08T18:13:49","guid":{"rendered":"https:\/\/libreriahistoriasdebolsillo.com\/?post_type=product&#038;p=4711"},"modified":"2026-03-17T11:40:34","modified_gmt":"2026-03-17T17:40:34","slug":"orisha-1-hijos-de-sangre-y-hueso","status":"publish","type":"product","link":"https:\/\/libreriahistoriasdebolsillo.com\/index.php\/producto\/orisha-1-hijos-de-sangre-y-hueso\/","title":{"rendered":"Orisha 1. Hijos de sangre y hueso"},"content":{"rendered":"<p><b>Un impresionante mundo de magia oscura y peligro en esta novela inspirada en \u00c1frica Occidental&#8230; <\/b><b>Mataron a mi madre. Nos arrebataron la magia. Intentaron enterrarnos&#8230; ES TIEMPO DE REBELI\u00d3N.<\/b><\/p>\n<p>Z\u00e9lie Adebola recuerda cuando la tierra de Or\u00efsha desprend\u00eda magia. Pero todo cambi\u00f3 la noche en que esta desapareci\u00f3. Por orden del rey, los maji fueron perseguidos y aniquilados.<\/p>\n<p>Ahora, Z\u00e9lie tiene una oportunidad de devolver la magia a su gente, pero para ello deber\u00e1 ser m\u00e1s r\u00e1pida y astuta que el pr\u00edncipe heredero del trono, que est\u00e1 dispuesto a todo con tal de erradicar la magia para siempre.<\/p>\n<p>El peligro acecha en Or\u00efsha, donde los leopardarios de nieve campan a sus anchas y los esp\u00edritus vengativos esperan escondidos bajo el agua. Sin embargo, el mayor peligro puede ser la propia Z\u00e9lie en su lucha por controlar sus poderes.<\/p>\n<p><b>Es la hora de que Z\u00e9lie recupere su legado. Es la hora de que un pueblo recupere la esperanza.<\/b><\/p>\n","protected":false},"excerpt":{"rendered":"<p>Tomi Adeyemi<\/p>\n","protected":false},"featured_media":4712,"template":"","meta":{"_joinchat":[]},"product_brand":[],"product_cat":[79,39,51],"product_tag":[34],"class_list":{"0":"post-4711","1":"product","2":"type-product","3":"status-publish","4":"has-post-thumbnail","6":"product_cat-campana-punto-naranja","7":"product_cat-fantasia","8":"product_cat-oferta","9":"product_tag-penguin-random-house","11":"first","12":"instock","13":"sale","14":"shipping-taxable","15":"purchasable","16":"product-type-simple"},"_links":{"self":[{"href":"https:\/\/libreriahistoriasdebolsillo.com\/index.php\/wp-json\/wp\/v2\/product\/4711","targetHints":{"allow":["GET"]}}],"collection":[{"href":"https:\/\/libreriahistoriasdebolsillo.com\/index.php\/wp-json\/wp\/v2\/product"}],"about":[{"href":"https:\/\/libreriahistoriasdebolsillo.com\/index.php\/wp-json\/wp\/v2\/types\/product"}],"wp:featuredmedia":[{"embeddable":true,"href":"https:\/\/libreriahistoriasdebolsillo.com\/index.php\/wp-json\/wp\/v2\/media\/4712"}],"wp:attachment":[{"href":"https:\/\/libreriahistoriasdebolsillo.com\/index.php\/wp-json\/wp\/v2\/media?parent=4711"}],"wp:term":[{"taxonomy":"product_brand","embeddable":true,"href":"https:\/\/libreriahistoriasdebolsillo.com\/index.php\/wp-json\/wp\/v2\/product_brand?post=4711"},{"taxonomy":"product_cat","embeddable":true,"href":"https:\/\/libreriahistoriasdebolsillo.com\/index.php\/wp-json\/wp\/v2\/product_cat?post=4711"},{"taxonomy":"product_tag","embeddable":true,"href":"https:\/\/libreriahistoriasdebolsillo.com\/index.php\/wp-json\/wp\/v2\/product_tag?post=4711"}],"curies":[{"name":"wp","href":"https:\/\/api.w.org\/{rel}","templated":true}]}}