{"id":4716,"date":"2024-05-08T12:20:45","date_gmt":"2024-05-08T18:20:45","guid":{"rendered":"https:\/\/libreriahistoriasdebolsillo.com\/?post_type=product&#038;p=4716"},"modified":"2024-09-19T15:43:17","modified_gmt":"2024-09-19T21:43:17","slug":"la-prisionera-de-oro-2-destello","status":"publish","type":"product","link":"https:\/\/libreriahistoriasdebolsillo.com\/index.php\/producto\/la-prisionera-de-oro-2-destello\/","title":{"rendered":"La prisionera de oro 2. Destello"},"content":{"rendered":"<p>\u00bfQuieres que tu vida sea m\u00e1s f\u00e1cil? Entonces comp\u00f3rtate como el\u00a0<b>p\u00e1jaro enjaulad<\/b>o que eres y canta. Viv\u00ed en una jaula de oro durante diez a\u00f1os, en el\u00a0<b>castillo de oro<\/b>\u00a0del\u00a0<b>rey Midas<\/b>. Pero de la noche a la ma\u00f1ana, todo cambi\u00f3. Ahora soy la\u00a0<b>prisionera del ej\u00e9rcito del Cuarto Reino<\/b>, y no s\u00e9 si saldr\u00e9 de esta de una pieza.\u00a0<b>Los soldados<\/b>\u00a0est\u00e1n preparados para dejarse la piel en el campo de batalla y estoy segura de que van a usarme como moneda de cambio. Sin embargo, lo que m\u00e1s me aterra, lo que m\u00e1s me inquieta, no es la guerra, sino \u00e9l,\u00a0<b>el comandante<\/b>\u00a0Rip. Es un hombre\u00a0<b>perverso y despiadado<\/b>, y su crueldad no conoce l\u00edmites. Pero yo s\u00e9 la verdad, yo s\u00e9 qu\u00e9 es en realidad. Tal vez est\u00e9 fuera de mi jaula, pero no soy libre. En\u00a0<b>este juego demonarcas<\/b>\u00a0<b>y ej\u00e9rcitos<\/b>, no soy m\u00e1s que un\u00a0<b>pe\u00f3n dorado<\/b>. La pregunta es: \u00bfser\u00e9 capaz de sobrevivir a la partida?<\/p>\n<p>Nota del editor: este libro contiene contenido expl\u00edcito y elementos m\u00e1s oscuros, que incluyen lenguaje maduro, violencia y sexo no consentido. No est\u00e1 destinado a menores de 18 a\u00f1os.<\/p>\n","protected":false},"excerpt":{"rendered":"<p>Raven Kennedy<\/p>\n","protected":false},"featured_media":4717,"template":"","meta":{"_joinchat":[]},"product_brand":[],"product_cat":[79,39,51],"product_tag":[34],"class_list":{"0":"post-4716","1":"product","2":"type-product","3":"status-publish","4":"has-post-thumbnail","6":"product_cat-campana-punto-naranja","7":"product_cat-fantasia","8":"product_cat-oferta","9":"product_tag-penguin-random-house","11":"first","12":"outofstock","13":"sale","14":"shipping-taxable","15":"purchasable","16":"product-type-simple"},"_links":{"self":[{"href":"https:\/\/libreriahistoriasdebolsillo.com\/index.php\/wp-json\/wp\/v2\/product\/4716","targetHints":{"allow":["GET"]}}],"collection":[{"href":"https:\/\/libreriahistoriasdebolsillo.com\/index.php\/wp-json\/wp\/v2\/product"}],"about":[{"href":"https:\/\/libreriahistoriasdebolsillo.com\/index.php\/wp-json\/wp\/v2\/types\/product"}],"wp:featuredmedia":[{"embeddable":true,"href":"https:\/\/libreriahistoriasdebolsillo.com\/index.php\/wp-json\/wp\/v2\/media\/4717"}],"wp:attachment":[{"href":"https:\/\/libreriahistoriasdebolsillo.com\/index.php\/wp-json\/wp\/v2\/media?parent=4716"}],"wp:term":[{"taxonomy":"product_brand","embeddable":true,"href":"https:\/\/libreriahistoriasdebolsillo.com\/index.php\/wp-json\/wp\/v2\/product_brand?post=4716"},{"taxonomy":"product_cat","embeddable":true,"href":"https:\/\/libreriahistoriasdebolsillo.com\/index.php\/wp-json\/wp\/v2\/product_cat?post=4716"},{"taxonomy":"product_tag","embeddable":true,"href":"https:\/\/libreriahistoriasdebolsillo.com\/index.php\/wp-json\/wp\/v2\/product_tag?post=4716"}],"curies":[{"name":"wp","href":"https:\/\/api.w.org\/{rel}","templated":true}]}}