{"id":4728,"date":"2024-05-08T12:39:11","date_gmt":"2024-05-08T18:39:11","guid":{"rendered":"https:\/\/libreriahistoriasdebolsillo.com\/?post_type=product&#038;p=4728"},"modified":"2024-09-30T19:28:14","modified_gmt":"2024-10-01T01:28:14","slug":"se-lo-que-quieres","status":"publish","type":"product","link":"https:\/\/libreriahistoriasdebolsillo.com\/index.php\/producto\/se-lo-que-quieres\/","title":{"rendered":"S\u00e9 lo que quieres"},"content":{"rendered":"<p><b>Una extra\u00f1a en el and\u00e9n del metro<\/b>\u00a0<b>susurra: \u00abToma a mi<\/b>\u00a0<b>hija<\/b><b>\u00bb.La<\/b><b>\u00a0extra\u00f1a mujerdeja a su beb\u00e9<\/b>\u00a0<b>en tus brazos. Dice tu nombre.<\/b>\u00a0<b>Y despu\u00e9s, salta a las v\u00edas del<\/b>\u00a0<b>tren.<\/b><b>.<\/b><\/p>\n<p>En tan solo un instante, la vida de Morgan Kincaid cambia para siempre. De regreso a casa, una madre le pide que tome a su beb\u00e9, despu\u00e9s se lo pone en los brazos.<\/p>\n<p>Antes de que Morgan pueda detenerla, la perturbada madre salta justo cuando el tren entra en la estaci\u00f3n. Morgan no hab\u00eda visto nunca antes a la mujer, y es incapaz de comprender las causas por las que le entreg\u00f3 a su beb\u00e9 y se quit\u00f3 la vida. Tampoco puede entender c\u00f3mo aquella mujer sab\u00eda su nombre.<\/p>\n<p>La polic\u00eda detiene a Morgan para un interrogatorio. Pronto descubre que la mujer se llamaba Nicole Markham, la famosa directora de Breathe, una reconocida marca de ropa deportiva. Descubre tambi\u00e9n que no existe ni un solo testigo capaz de corroborar su versi\u00f3n de lo ocurrido, lo que la convierte de inmediato en sospechosa de asesinato. Para probar su inocencia, Morgan tendr\u00e1 que investigar los \u00faltimos d\u00edas de la vida de Nicole. \u00bfEra Nicole una madre paranoica o se encontrabaen peligro? Cuando le empiezan a pasar cosas extra\u00f1as, Morgan se da cuenta de que su vida tambi\u00e9n puede estar en peligro.<\/p>\n","protected":false},"excerpt":{"rendered":"<p>Samantha M. Bailey<\/p>\n","protected":false},"featured_media":4729,"template":"","meta":{"_joinchat":[]},"product_brand":[],"product_cat":[79,37,51],"product_tag":[34],"class_list":{"0":"post-4728","1":"product","2":"type-product","3":"status-publish","4":"has-post-thumbnail","6":"product_cat-campana-punto-naranja","7":"product_cat-misterio-y-thriller","8":"product_cat-oferta","9":"product_tag-penguin-random-house","11":"first","12":"outofstock","13":"sale","14":"shipping-taxable","15":"purchasable","16":"product-type-simple"},"_links":{"self":[{"href":"https:\/\/libreriahistoriasdebolsillo.com\/index.php\/wp-json\/wp\/v2\/product\/4728","targetHints":{"allow":["GET"]}}],"collection":[{"href":"https:\/\/libreriahistoriasdebolsillo.com\/index.php\/wp-json\/wp\/v2\/product"}],"about":[{"href":"https:\/\/libreriahistoriasdebolsillo.com\/index.php\/wp-json\/wp\/v2\/types\/product"}],"wp:featuredmedia":[{"embeddable":true,"href":"https:\/\/libreriahistoriasdebolsillo.com\/index.php\/wp-json\/wp\/v2\/media\/4729"}],"wp:attachment":[{"href":"https:\/\/libreriahistoriasdebolsillo.com\/index.php\/wp-json\/wp\/v2\/media?parent=4728"}],"wp:term":[{"taxonomy":"product_brand","embeddable":true,"href":"https:\/\/libreriahistoriasdebolsillo.com\/index.php\/wp-json\/wp\/v2\/product_brand?post=4728"},{"taxonomy":"product_cat","embeddable":true,"href":"https:\/\/libreriahistoriasdebolsillo.com\/index.php\/wp-json\/wp\/v2\/product_cat?post=4728"},{"taxonomy":"product_tag","embeddable":true,"href":"https:\/\/libreriahistoriasdebolsillo.com\/index.php\/wp-json\/wp\/v2\/product_tag?post=4728"}],"curies":[{"name":"wp","href":"https:\/\/api.w.org\/{rel}","templated":true}]}}