{"id":4730,"date":"2024-05-08T12:43:09","date_gmt":"2024-05-08T18:43:09","guid":{"rendered":"https:\/\/libreriahistoriasdebolsillo.com\/?post_type=product&#038;p=4730"},"modified":"2024-08-13T17:02:34","modified_gmt":"2024-08-13T23:02:34","slug":"la-chica-italiana","status":"publish","type":"product","link":"https:\/\/libreriahistoriasdebolsillo.com\/index.php\/producto\/la-chica-italiana\/","title":{"rendered":"La chica italiana"},"content":{"rendered":"<p><b>Una novela llena de<\/b>\u00a0<b>glamour, intriga y romance, por la autora de la saga superventas Las Siete Hermanas.<\/b><\/p>\n<p><b>Rosanna<\/b>\u00a0<b>Menici<\/b>\u00a0es muy joven cuando conoce a\u00a0<b>Roberto Rossini<\/b>, el hombre que le cambiar\u00e1 la vida.<\/p>\n<p>En los a\u00f1os siguientes, sus destinos se ver\u00e1n entrelazados por el extraordinario talento que comparten como\u00a0<b>cantantes de \u00f3pera<\/b>\u00a0y tambi\u00e9n por su incombustible pero\u00a0<b>obsesivo amor<\/b>, un amor que acabar\u00e1 afectando a todos los que los rodean. Porque, como Rosanna descubrir\u00e1 poco a poco, su uni\u00f3n est\u00e1 marcada por terribles\u00a0<b>secretos del pasado<\/b>&#8230;<\/p>\n","protected":false},"excerpt":{"rendered":"<p>Lucinda Riley<\/p>\n","protected":false},"featured_media":4731,"template":"","meta":{"_joinchat":[]},"product_brand":[],"product_cat":[79,33,51],"product_tag":[34],"class_list":{"0":"post-4730","1":"product","2":"type-product","3":"status-publish","4":"has-post-thumbnail","6":"product_cat-campana-punto-naranja","7":"product_cat-ficcion-general","8":"product_cat-oferta","9":"product_tag-penguin-random-house","11":"first","12":"instock","13":"sale","14":"shipping-taxable","15":"purchasable","16":"product-type-simple"},"_links":{"self":[{"href":"https:\/\/libreriahistoriasdebolsillo.com\/index.php\/wp-json\/wp\/v2\/product\/4730","targetHints":{"allow":["GET"]}}],"collection":[{"href":"https:\/\/libreriahistoriasdebolsillo.com\/index.php\/wp-json\/wp\/v2\/product"}],"about":[{"href":"https:\/\/libreriahistoriasdebolsillo.com\/index.php\/wp-json\/wp\/v2\/types\/product"}],"wp:featuredmedia":[{"embeddable":true,"href":"https:\/\/libreriahistoriasdebolsillo.com\/index.php\/wp-json\/wp\/v2\/media\/4731"}],"wp:attachment":[{"href":"https:\/\/libreriahistoriasdebolsillo.com\/index.php\/wp-json\/wp\/v2\/media?parent=4730"}],"wp:term":[{"taxonomy":"product_brand","embeddable":true,"href":"https:\/\/libreriahistoriasdebolsillo.com\/index.php\/wp-json\/wp\/v2\/product_brand?post=4730"},{"taxonomy":"product_cat","embeddable":true,"href":"https:\/\/libreriahistoriasdebolsillo.com\/index.php\/wp-json\/wp\/v2\/product_cat?post=4730"},{"taxonomy":"product_tag","embeddable":true,"href":"https:\/\/libreriahistoriasdebolsillo.com\/index.php\/wp-json\/wp\/v2\/product_tag?post=4730"}],"curies":[{"name":"wp","href":"https:\/\/api.w.org\/{rel}","templated":true}]}}