{"id":4732,"date":"2024-05-08T12:45:41","date_gmt":"2024-05-08T18:45:41","guid":{"rendered":"https:\/\/libreriahistoriasdebolsillo.com\/?post_type=product&#038;p=4732"},"modified":"2024-08-06T13:43:16","modified_gmt":"2024-08-06T19:43:16","slug":"instrucciones-para-enamorarse","status":"publish","type":"product","link":"https:\/\/libreriahistoriasdebolsillo.com\/index.php\/producto\/instrucciones-para-enamorarse\/","title":{"rendered":"Instrucciones para enamorarse"},"content":{"rendered":"<p><b>Enamorarse de X no es lo que Evie ten\u00eda en mente. Si su experiencia le ha ense\u00f1ado algo, es que nadie escapa del amor sin resultar herido. Pero a medida que Evie y X bailan, se van conociendo y la magia del amor arrasa con todo.<\/b><\/p>\n<p>Cuando sus padres se separaron, todos sus i<b>deales<\/b>\u00a0sobre el\u00a0<b>amor\u00a0<\/b>se esfumaron. Sin embargo, las casualidades de la vida la llevan a aprender a bailar en el estudio de danza La Brea, donde conoce a un\u00a0<b>enigm\u00e1tico chico.<\/b><\/p>\n<p>X es completamente opuesto a Evie:\u00a0<b>atrevido, pasional<\/b>,\u00a0<b>valiente<\/b>. El tipo de persona que dice s\u00ed a todo, incluso a inscribirse en una competici\u00f3n de bailes de sal\u00f3n con una chica que acaba de conocer.<\/p>\n","protected":false},"excerpt":{"rendered":"<p>Nicola Yoon<\/p>\n","protected":false},"featured_media":4733,"template":"","meta":{"_joinchat":[]},"product_brand":[],"product_cat":[79,51,35],"product_tag":[34],"class_list":{"0":"post-4732","1":"product","2":"type-product","3":"status-publish","4":"has-post-thumbnail","6":"product_cat-campana-punto-naranja","7":"product_cat-oferta","8":"product_cat-romantica","9":"product_tag-penguin-random-house","11":"first","12":"outofstock","13":"sale","14":"shipping-taxable","15":"purchasable","16":"product-type-simple"},"_links":{"self":[{"href":"https:\/\/libreriahistoriasdebolsillo.com\/index.php\/wp-json\/wp\/v2\/product\/4732","targetHints":{"allow":["GET"]}}],"collection":[{"href":"https:\/\/libreriahistoriasdebolsillo.com\/index.php\/wp-json\/wp\/v2\/product"}],"about":[{"href":"https:\/\/libreriahistoriasdebolsillo.com\/index.php\/wp-json\/wp\/v2\/types\/product"}],"wp:featuredmedia":[{"embeddable":true,"href":"https:\/\/libreriahistoriasdebolsillo.com\/index.php\/wp-json\/wp\/v2\/media\/4733"}],"wp:attachment":[{"href":"https:\/\/libreriahistoriasdebolsillo.com\/index.php\/wp-json\/wp\/v2\/media?parent=4732"}],"wp:term":[{"taxonomy":"product_brand","embeddable":true,"href":"https:\/\/libreriahistoriasdebolsillo.com\/index.php\/wp-json\/wp\/v2\/product_brand?post=4732"},{"taxonomy":"product_cat","embeddable":true,"href":"https:\/\/libreriahistoriasdebolsillo.com\/index.php\/wp-json\/wp\/v2\/product_cat?post=4732"},{"taxonomy":"product_tag","embeddable":true,"href":"https:\/\/libreriahistoriasdebolsillo.com\/index.php\/wp-json\/wp\/v2\/product_tag?post=4732"}],"curies":[{"name":"wp","href":"https:\/\/api.w.org\/{rel}","templated":true}]}}