{"id":4734,"date":"2024-05-08T12:49:40","date_gmt":"2024-05-08T18:49:40","guid":{"rendered":"https:\/\/libreriahistoriasdebolsillo.com\/?post_type=product&#038;p=4734"},"modified":"2024-08-06T13:43:11","modified_gmt":"2024-08-06T19:43:11","slug":"blackout","status":"publish","type":"product","link":"https:\/\/libreriahistoriasdebolsillo.com\/index.php\/producto\/blackout\/","title":{"rendered":"Blackout"},"content":{"rendered":"<p><b>Una sofocante ola de calor deja a la ciudad de Nueva York sumida en un apag\u00f3n, pero en medio de la noche m\u00e1s c\u00e1lida y oscura, otro tipo de chispas brillar\u00e1n en la ciudad.<\/b><\/p>\n<p><b>UN PRIMER ENCUENTRO. AMIGOS DE TODA LA VIDA. ANTIGUOS AMORES. Y QUIZ\u00c1S\u2026 EL INICIO DE ALGO NUEVO.<\/b><\/p>\n<p>Cuando las luces se apagan, los\u00a0<b>sentimientos<\/b>\u00a0m\u00e1s profundos salen a la luz: el\u00a0<b>amor<\/b>\u00a0florece, la\u00a0<b>amistad<\/b>\u00a0se transforma en algo nuevo y todas las posibilidades tienen una oportunidad para realizarse. Seis de las autoras de<b>narrativa juvenil<\/b>\u00a0m\u00e1s queridas y le\u00eddas dan forma a seis\u00a0<b>relatos de amor<\/b>\u00a0<b>protagonizados por adolescentes negros<\/b>\u00a0en una novela interconectada de historias encantadoras, divertidas y desgarradoras que hacen resplandecer en plena oscuridad la luz m\u00e1s brillante.<\/p>\n","protected":false},"excerpt":{"rendered":"<p>Tiffany D. Stone, Nick \/ Clayton, Dhonielle \/ Jackson<\/p>\n","protected":false},"featured_media":4735,"template":"","meta":{"_joinchat":[]},"product_brand":[],"product_cat":[79,52,51],"product_tag":[34],"class_list":{"0":"post-4734","1":"product","2":"type-product","3":"status-publish","4":"has-post-thumbnail","6":"product_cat-campana-punto-naranja","7":"product_cat-juvenil","8":"product_cat-oferta","9":"product_tag-penguin-random-house","11":"first","12":"outofstock","13":"sale","14":"shipping-taxable","15":"purchasable","16":"product-type-simple"},"_links":{"self":[{"href":"https:\/\/libreriahistoriasdebolsillo.com\/index.php\/wp-json\/wp\/v2\/product\/4734","targetHints":{"allow":["GET"]}}],"collection":[{"href":"https:\/\/libreriahistoriasdebolsillo.com\/index.php\/wp-json\/wp\/v2\/product"}],"about":[{"href":"https:\/\/libreriahistoriasdebolsillo.com\/index.php\/wp-json\/wp\/v2\/types\/product"}],"wp:featuredmedia":[{"embeddable":true,"href":"https:\/\/libreriahistoriasdebolsillo.com\/index.php\/wp-json\/wp\/v2\/media\/4735"}],"wp:attachment":[{"href":"https:\/\/libreriahistoriasdebolsillo.com\/index.php\/wp-json\/wp\/v2\/media?parent=4734"}],"wp:term":[{"taxonomy":"product_brand","embeddable":true,"href":"https:\/\/libreriahistoriasdebolsillo.com\/index.php\/wp-json\/wp\/v2\/product_brand?post=4734"},{"taxonomy":"product_cat","embeddable":true,"href":"https:\/\/libreriahistoriasdebolsillo.com\/index.php\/wp-json\/wp\/v2\/product_cat?post=4734"},{"taxonomy":"product_tag","embeddable":true,"href":"https:\/\/libreriahistoriasdebolsillo.com\/index.php\/wp-json\/wp\/v2\/product_tag?post=4734"}],"curies":[{"name":"wp","href":"https:\/\/api.w.org\/{rel}","templated":true}]}}