{"id":4736,"date":"2024-05-08T12:51:55","date_gmt":"2024-05-08T18:51:55","guid":{"rendered":"https:\/\/libreriahistoriasdebolsillo.com\/?post_type=product&#038;p=4736"},"modified":"2024-08-06T13:43:05","modified_gmt":"2024-08-06T19:43:05","slug":"leer-fragmento-los-cinco-continentes-del-amor","status":"publish","type":"product","link":"https:\/\/libreriahistoriasdebolsillo.com\/index.php\/producto\/leer-fragmento-los-cinco-continentes-del-amor\/","title":{"rendered":"Los cinco continentes del amor"},"content":{"rendered":"<p>El Amante Europeo conoce los secretos de la seducci\u00f3n y el romanticismo, pero a menudo construye la relaci\u00f3n desde la fantas\u00eda.<\/p>\n<p>El Amante Americano vive el amor como un \u00e9xito vital, pero es m\u00e1s efectivo en sociedad que en las distancias cortas.<\/p>\n<p>El Amante Africano se gu\u00eda por la cercan\u00eda y la pasi\u00f3n, pero adolece de impaciencia e inseguridad.<\/p>\n<p>El Amante Asi\u00e1tico quiere y cuida desde el respeto absoluto, pero le cuesta dar voz a lo que siente su coraz\u00f3n.<\/p>\n<p>El Amante Oce\u00e1nico se gu\u00eda por la inspiraci\u00f3n del momento y es impredecible; hoy te lo da todo y ma\u00f1ana desaparece en cualquier aventura.<\/p>\n<p>\u00bfA qu\u00e9 continente pertenece tu coraz\u00f3n?<\/p>\n","protected":false},"excerpt":{"rendered":"<p>Javier Ruescas y Francesc Miralles<\/p>\n","protected":false},"featured_media":4737,"template":"","meta":{"_joinchat":[]},"product_brand":[],"product_cat":[79,51,35],"product_tag":[34],"class_list":{"0":"post-4736","1":"product","2":"type-product","3":"status-publish","4":"has-post-thumbnail","6":"product_cat-campana-punto-naranja","7":"product_cat-oferta","8":"product_cat-romantica","9":"product_tag-penguin-random-house","11":"first","12":"outofstock","13":"sale","14":"shipping-taxable","15":"purchasable","16":"product-type-simple"},"_links":{"self":[{"href":"https:\/\/libreriahistoriasdebolsillo.com\/index.php\/wp-json\/wp\/v2\/product\/4736","targetHints":{"allow":["GET"]}}],"collection":[{"href":"https:\/\/libreriahistoriasdebolsillo.com\/index.php\/wp-json\/wp\/v2\/product"}],"about":[{"href":"https:\/\/libreriahistoriasdebolsillo.com\/index.php\/wp-json\/wp\/v2\/types\/product"}],"wp:featuredmedia":[{"embeddable":true,"href":"https:\/\/libreriahistoriasdebolsillo.com\/index.php\/wp-json\/wp\/v2\/media\/4737"}],"wp:attachment":[{"href":"https:\/\/libreriahistoriasdebolsillo.com\/index.php\/wp-json\/wp\/v2\/media?parent=4736"}],"wp:term":[{"taxonomy":"product_brand","embeddable":true,"href":"https:\/\/libreriahistoriasdebolsillo.com\/index.php\/wp-json\/wp\/v2\/product_brand?post=4736"},{"taxonomy":"product_cat","embeddable":true,"href":"https:\/\/libreriahistoriasdebolsillo.com\/index.php\/wp-json\/wp\/v2\/product_cat?post=4736"},{"taxonomy":"product_tag","embeddable":true,"href":"https:\/\/libreriahistoriasdebolsillo.com\/index.php\/wp-json\/wp\/v2\/product_tag?post=4736"}],"curies":[{"name":"wp","href":"https:\/\/api.w.org\/{rel}","templated":true}]}}