{"id":4738,"date":"2024-05-08T12:53:56","date_gmt":"2024-05-08T18:53:56","guid":{"rendered":"https:\/\/libreriahistoriasdebolsillo.com\/?post_type=product&#038;p=4738"},"modified":"2024-08-05T13:35:45","modified_gmt":"2024-08-05T19:35:45","slug":"allegra","status":"publish","type":"product","link":"https:\/\/libreriahistoriasdebolsillo.com\/index.php\/producto\/allegra\/","title":{"rendered":"Allegra"},"content":{"rendered":"<p><b>A veces, las personas que tienen el poder de cambiar tu vida son las que han estado all\u00ed todo el tiempo&#8230;<\/b><\/p>\n<p>Como\u00a0<b>estrellas<\/b>\u00a0en los cielos oscuros sobre la peque\u00f1a isla donde creci\u00f3, las pecas se esparcen por los brazos de\u00a0<b>Allegra<\/b>\u00a0<b>Bird<\/b>, un v\u00ednculo con su\u00a0<b>amado padre<\/b>; a su madre no la conoce.<\/p>\n<p>En una b\u00fasqueda para encontrar lo \u00fanico que le falta, comienza una nueva y audaz vida en\u00a0<b>Dubl\u00edn.<\/b>\u00a0Pero ella ha dejado mucho atr\u00e1s.<\/p>\n<p>Entonces, cuando un extra\u00f1o le dice que es la suma de las cinco personas con las que pasa m\u00e1s tiempo, de repente ya no busca a una sola persona. Ella est\u00e1 buscando a cinco.<\/p>\n<p><i>Allegra<\/i>\u00a0afirma la vida, es hermosa y hace pensar, es una novela inolvidable de cinco personas, cinco oportunidades y la b\u00fasqueda de la felicidad de una mujer.<\/p>\n","protected":false},"excerpt":{"rendered":"<p>Cecelia Ahern<\/p>\n","protected":false},"featured_media":4739,"template":"","meta":{"_joinchat":[]},"product_brand":[],"product_cat":[79,51,35],"product_tag":[34],"class_list":{"0":"post-4738","1":"product","2":"type-product","3":"status-publish","4":"has-post-thumbnail","6":"product_cat-campana-punto-naranja","7":"product_cat-oferta","8":"product_cat-romantica","9":"product_tag-penguin-random-house","11":"first","12":"outofstock","13":"sale","14":"shipping-taxable","15":"purchasable","16":"product-type-simple"},"_links":{"self":[{"href":"https:\/\/libreriahistoriasdebolsillo.com\/index.php\/wp-json\/wp\/v2\/product\/4738","targetHints":{"allow":["GET"]}}],"collection":[{"href":"https:\/\/libreriahistoriasdebolsillo.com\/index.php\/wp-json\/wp\/v2\/product"}],"about":[{"href":"https:\/\/libreriahistoriasdebolsillo.com\/index.php\/wp-json\/wp\/v2\/types\/product"}],"wp:featuredmedia":[{"embeddable":true,"href":"https:\/\/libreriahistoriasdebolsillo.com\/index.php\/wp-json\/wp\/v2\/media\/4739"}],"wp:attachment":[{"href":"https:\/\/libreriahistoriasdebolsillo.com\/index.php\/wp-json\/wp\/v2\/media?parent=4738"}],"wp:term":[{"taxonomy":"product_brand","embeddable":true,"href":"https:\/\/libreriahistoriasdebolsillo.com\/index.php\/wp-json\/wp\/v2\/product_brand?post=4738"},{"taxonomy":"product_cat","embeddable":true,"href":"https:\/\/libreriahistoriasdebolsillo.com\/index.php\/wp-json\/wp\/v2\/product_cat?post=4738"},{"taxonomy":"product_tag","embeddable":true,"href":"https:\/\/libreriahistoriasdebolsillo.com\/index.php\/wp-json\/wp\/v2\/product_tag?post=4738"}],"curies":[{"name":"wp","href":"https:\/\/api.w.org\/{rel}","templated":true}]}}