{"id":4740,"date":"2024-05-08T12:56:53","date_gmt":"2024-05-08T18:56:53","guid":{"rendered":"https:\/\/libreriahistoriasdebolsillo.com\/?post_type=product&#038;p=4740"},"modified":"2024-08-06T13:42:59","modified_gmt":"2024-08-06T19:42:59","slug":"el-ultimo-amor-de-arsene-lupin","status":"publish","type":"product","link":"https:\/\/libreriahistoriasdebolsillo.com\/index.php\/producto\/el-ultimo-amor-de-arsene-lupin\/","title":{"rendered":"El \u00faltimo amor de Arsene Lupin"},"content":{"rendered":"<p><b>E<\/b><b>SCRITA EN 1936, ESTA \u00daLTIMA AVENTURA IN\u00c9DITA DE ARS\u00c8NE LUPINSE PUBLICA POR VEZ PRIMERA EN TODO EL MUNDO.DESCUBRE LA SAGA LITERARIA EN LA QUE SE INSPIRA LUPIN, LA SERIE DE NETFLIX QUE ARRASA EN TODO EL MUNDO.<\/b><\/p>\n<p><b>1921<\/b>. Ars\u00e8ne Lupin se dedica ahora a la educaci\u00f3n de ni\u00f1os pobres en las zonas sensibles al norte de\u00a0<b>Par\u00eds<\/b>. Pero las fuerzas oscuras quieren apropiarse de un\u00a0<b>libro misterioso<\/b>, propiedad de uno de sus antepasados, quien fue un general del imperio.<\/p>\n<p>Estos bandidos est\u00e1n dispuestos a todo, incluso a poner en peligro la vida de Cora de Lerne, el \u00faltimo y \u00fanico amor del famoso caballero-ladr\u00f3n.<\/p>\n","protected":false},"excerpt":{"rendered":"<p>Maurice Leblanc<\/p>\n","protected":false},"featured_media":4741,"template":"","meta":{"_joinchat":[]},"product_brand":[],"product_cat":[79,37,51],"product_tag":[34],"class_list":{"0":"post-4740","1":"product","2":"type-product","3":"status-publish","4":"has-post-thumbnail","6":"product_cat-campana-punto-naranja","7":"product_cat-misterio-y-thriller","8":"product_cat-oferta","9":"product_tag-penguin-random-house","11":"first","12":"outofstock","13":"sale","14":"shipping-taxable","15":"purchasable","16":"product-type-simple"},"_links":{"self":[{"href":"https:\/\/libreriahistoriasdebolsillo.com\/index.php\/wp-json\/wp\/v2\/product\/4740","targetHints":{"allow":["GET"]}}],"collection":[{"href":"https:\/\/libreriahistoriasdebolsillo.com\/index.php\/wp-json\/wp\/v2\/product"}],"about":[{"href":"https:\/\/libreriahistoriasdebolsillo.com\/index.php\/wp-json\/wp\/v2\/types\/product"}],"wp:featuredmedia":[{"embeddable":true,"href":"https:\/\/libreriahistoriasdebolsillo.com\/index.php\/wp-json\/wp\/v2\/media\/4741"}],"wp:attachment":[{"href":"https:\/\/libreriahistoriasdebolsillo.com\/index.php\/wp-json\/wp\/v2\/media?parent=4740"}],"wp:term":[{"taxonomy":"product_brand","embeddable":true,"href":"https:\/\/libreriahistoriasdebolsillo.com\/index.php\/wp-json\/wp\/v2\/product_brand?post=4740"},{"taxonomy":"product_cat","embeddable":true,"href":"https:\/\/libreriahistoriasdebolsillo.com\/index.php\/wp-json\/wp\/v2\/product_cat?post=4740"},{"taxonomy":"product_tag","embeddable":true,"href":"https:\/\/libreriahistoriasdebolsillo.com\/index.php\/wp-json\/wp\/v2\/product_tag?post=4740"}],"curies":[{"name":"wp","href":"https:\/\/api.w.org\/{rel}","templated":true}]}}