{"id":4742,"date":"2024-05-08T13:08:07","date_gmt":"2024-05-08T19:08:07","guid":{"rendered":"https:\/\/libreriahistoriasdebolsillo.com\/?post_type=product&#038;p=4742"},"modified":"2025-07-23T13:37:04","modified_gmt":"2025-07-23T19:37:04","slug":"en-tus-zapatos","status":"publish","type":"product","link":"https:\/\/libreriahistoriasdebolsillo.com\/index.php\/producto\/en-tus-zapatos\/","title":{"rendered":"En tus zapatos"},"content":{"rendered":"<p><b>Las Cotton est\u00e1n a punto de descubrir que ponerse en los zapatos de otra persona no es tan sencillo como cre\u00edan, pero quiz\u00e1 sea justo lo que necesitan.<\/b><\/p>\n<p><b>LEENA COTTON<\/b>\u00a0es infalible, pero ha metido la pata. Su jefa le ordena tomarse dos meses de vacaciones y, agotada, decide escapar de la\u00a0<b>humeante Londres<\/b>.<\/p>\n<p><b>EILEEN COTTON<\/b>\u00a0es imparable, pero se ha quedado soltera a sus setenta y nueve a\u00f1os y no hay (a primera vista) ning\u00fan hombre adecuado para ella en Hamleigh, su peque\u00f1o pueblo. As\u00ed que, durante ocho semanas, se intercambiar\u00e1n de lugar: Eileen se ir\u00e1 al departamento de su nieta y buscar\u00e1 el\u00a0<b>amor entre h\u00edpsters<\/b>\u00a0y webs de citas, y Leena intentar\u00e1 desconectar en casa de su abuela\u2026, aunque una marabunta\u00a0<b>de pensionistas<\/b>\u00a0y el insoportable (pero atractivo) profesor del pueblo tal vez se lo pongan demasiado dif\u00edcil.<\/p>\n","protected":false},"excerpt":{"rendered":"<p>Beth O\u00b4Leary<\/p>\n","protected":false},"featured_media":4743,"template":"","meta":{"_joinchat":[]},"product_brand":[],"product_cat":[79,51,35],"product_tag":[34],"class_list":{"0":"post-4742","1":"product","2":"type-product","3":"status-publish","4":"has-post-thumbnail","6":"product_cat-campana-punto-naranja","7":"product_cat-oferta","8":"product_cat-romantica","9":"product_tag-penguin-random-house","11":"first","12":"outofstock","13":"sale","14":"shipping-taxable","15":"purchasable","16":"product-type-simple"},"_links":{"self":[{"href":"https:\/\/libreriahistoriasdebolsillo.com\/index.php\/wp-json\/wp\/v2\/product\/4742","targetHints":{"allow":["GET"]}}],"collection":[{"href":"https:\/\/libreriahistoriasdebolsillo.com\/index.php\/wp-json\/wp\/v2\/product"}],"about":[{"href":"https:\/\/libreriahistoriasdebolsillo.com\/index.php\/wp-json\/wp\/v2\/types\/product"}],"wp:featuredmedia":[{"embeddable":true,"href":"https:\/\/libreriahistoriasdebolsillo.com\/index.php\/wp-json\/wp\/v2\/media\/4743"}],"wp:attachment":[{"href":"https:\/\/libreriahistoriasdebolsillo.com\/index.php\/wp-json\/wp\/v2\/media?parent=4742"}],"wp:term":[{"taxonomy":"product_brand","embeddable":true,"href":"https:\/\/libreriahistoriasdebolsillo.com\/index.php\/wp-json\/wp\/v2\/product_brand?post=4742"},{"taxonomy":"product_cat","embeddable":true,"href":"https:\/\/libreriahistoriasdebolsillo.com\/index.php\/wp-json\/wp\/v2\/product_cat?post=4742"},{"taxonomy":"product_tag","embeddable":true,"href":"https:\/\/libreriahistoriasdebolsillo.com\/index.php\/wp-json\/wp\/v2\/product_tag?post=4742"}],"curies":[{"name":"wp","href":"https:\/\/api.w.org\/{rel}","templated":true}]}}