{"id":4744,"date":"2024-05-08T13:11:26","date_gmt":"2024-05-08T19:11:26","guid":{"rendered":"https:\/\/libreriahistoriasdebolsillo.com\/?post_type=product&#038;p=4744"},"modified":"2024-06-19T09:25:23","modified_gmt":"2024-06-19T15:25:23","slug":"las-brujas-del-ayer-y-del-manana","status":"publish","type":"product","link":"https:\/\/libreriahistoriasdebolsillo.com\/index.php\/producto\/las-brujas-del-ayer-y-del-manana\/","title":{"rendered":"Las brujas del ayer y del ma\u00f1ana"},"content":{"rendered":"<p><b>GANADORA A LA MEJOR NOVELA DEL A\u00d1O DE LOS BRITISH FANTASY AWARDS.<\/b><\/p>\n<p><b>LA NOVELA DE FANTAS\u00cdA M\u00c1S ESPERADA DE LOS \u00daLTIMOS A\u00d1OS.<\/b><\/p>\n<p align=\"JUSTIFY\">Una profunda historia sobre la resistencia, la sororidad y el derecho a voto ambientada en una versi\u00f3n alternativa de la Nueva Inglaterra del siglo XIX.<\/p>\n<p align=\"JUSTIFY\">En 1893 ya no hay brujas. En el pasado s\u00ed que las hab\u00eda, en esa \u00e9poca oscura e inh\u00f3spita antes de que empezasen a encenderse las hogueras. Ahora, la brujer\u00eda es poco m\u00e1s que hechizos de amas de casa y canciones infantiles. Si la mujer moderna quiere algo de poder, las urnas son el \u00fanico lugar donde puede llegar a conseguirlo.<\/p>\n<p align=\"JUSTIFY\">Pero James Juniper, Agnes Amaranth y Beatrice Belladonna, las hermanas Eastwood, se unen a las sufragistas de Nueva Salem y empiezan a buscar las palabras y los componentes olvidadas capaces de convertir la revoluci\u00f3n de las mujeres en la revoluci\u00f3n de las brujas. Las hermanas se ver\u00e1n acechadas por sombras y todo tipo de males, perseguidas por fuerzas que no tienen intenci\u00f3n de permitir que las brujan voten, o que vivan siquiera, y tendr\u00e1n que indagar en magia antigua, forjar nuevas alianzas y solucionar los problemas entre ellas si quieren sobrevivir.<\/p>\n","protected":false},"excerpt":{"rendered":"<p>Alix E. Harrow<\/p>\n","protected":false},"featured_media":4745,"template":"","meta":{"_joinchat":[]},"product_brand":[],"product_cat":[79,39,56,51],"product_tag":[34],"class_list":{"0":"post-4744","1":"product","2":"type-product","3":"status-publish","4":"has-post-thumbnail","6":"product_cat-campana-punto-naranja","7":"product_cat-fantasia","8":"product_cat-historica","9":"product_cat-oferta","10":"product_tag-penguin-random-house","12":"first","13":"outofstock","14":"sale","15":"shipping-taxable","16":"purchasable","17":"product-type-simple"},"_links":{"self":[{"href":"https:\/\/libreriahistoriasdebolsillo.com\/index.php\/wp-json\/wp\/v2\/product\/4744","targetHints":{"allow":["GET"]}}],"collection":[{"href":"https:\/\/libreriahistoriasdebolsillo.com\/index.php\/wp-json\/wp\/v2\/product"}],"about":[{"href":"https:\/\/libreriahistoriasdebolsillo.com\/index.php\/wp-json\/wp\/v2\/types\/product"}],"wp:featuredmedia":[{"embeddable":true,"href":"https:\/\/libreriahistoriasdebolsillo.com\/index.php\/wp-json\/wp\/v2\/media\/4745"}],"wp:attachment":[{"href":"https:\/\/libreriahistoriasdebolsillo.com\/index.php\/wp-json\/wp\/v2\/media?parent=4744"}],"wp:term":[{"taxonomy":"product_brand","embeddable":true,"href":"https:\/\/libreriahistoriasdebolsillo.com\/index.php\/wp-json\/wp\/v2\/product_brand?post=4744"},{"taxonomy":"product_cat","embeddable":true,"href":"https:\/\/libreriahistoriasdebolsillo.com\/index.php\/wp-json\/wp\/v2\/product_cat?post=4744"},{"taxonomy":"product_tag","embeddable":true,"href":"https:\/\/libreriahistoriasdebolsillo.com\/index.php\/wp-json\/wp\/v2\/product_tag?post=4744"}],"curies":[{"name":"wp","href":"https:\/\/api.w.org\/{rel}","templated":true}]}}