{"id":4746,"date":"2024-05-08T13:14:36","date_gmt":"2024-05-08T19:14:36","guid":{"rendered":"https:\/\/libreriahistoriasdebolsillo.com\/?post_type=product&#038;p=4746"},"modified":"2024-08-06T13:42:52","modified_gmt":"2024-08-06T19:42:52","slug":"la-mujer-que-sabe-guardar-secretos","status":"publish","type":"product","link":"https:\/\/libreriahistoriasdebolsillo.com\/index.php\/producto\/la-mujer-que-sabe-guardar-secretos\/","title":{"rendered":"La mujer que sabe guardar secretos"},"content":{"rendered":"<p><b>La verdadera historia de los esp\u00edas rusos en la que se inspira<\/b>\u00a0<b>The<\/b>\u00a0<b>Americans, una de las series de m\u00e1s \u00e9xito.<\/b><\/p>\n<p>La mujer que sabe guardar\u00a0<b>secretos<\/b>\u00a0es una trepidante\u00a0<b>novela<\/b>\u00a0de esp\u00edas\u00a0<b>autobiogr\u00e1fica<\/b>\u00a0que cuenta las propias experiencias de vida de\u00a0<b>Elena<\/b>\u00a0<b>Vavilova<\/b>. Pero tambi\u00e9n es una novela sobre la evoluci\u00f3n del mundo tal como lo hemos conocido desde finales del\u00a0<b>siglo<\/b>\u00a0<b>xx<\/b>\u00a0hasta principios del xxi, desde la \u00e9poca de Br\u00e9zhnev hasta Putin. La historia se extiende desde los primeros d\u00edas del reclutamientoy entrenamiento del personaje principal como\u00a0<b>esp\u00eda<\/b>\u00a0hasta el fat\u00eddico d\u00eda de su\u00a0<b>arresto<\/b>. La novela ofrece la\u00a0<b>descripci\u00f3n<\/b>\u00a0m\u00e1s realista y honesta de la vida y obra de los agentes de la cobertura profunda, los famosos \u00abilegales\u00bb\u00a0<b>rusos<\/b>.<\/p>\n","protected":false},"excerpt":{"rendered":"<p>Elena Vaviloba<\/p>\n","protected":false},"featured_media":4747,"template":"","meta":{"_joinchat":[]},"product_brand":[],"product_cat":[79,37,51],"product_tag":[34],"class_list":{"0":"post-4746","1":"product","2":"type-product","3":"status-publish","4":"has-post-thumbnail","6":"product_cat-campana-punto-naranja","7":"product_cat-misterio-y-thriller","8":"product_cat-oferta","9":"product_tag-penguin-random-house","11":"first","12":"outofstock","13":"sale","14":"shipping-taxable","15":"purchasable","16":"product-type-simple"},"_links":{"self":[{"href":"https:\/\/libreriahistoriasdebolsillo.com\/index.php\/wp-json\/wp\/v2\/product\/4746","targetHints":{"allow":["GET"]}}],"collection":[{"href":"https:\/\/libreriahistoriasdebolsillo.com\/index.php\/wp-json\/wp\/v2\/product"}],"about":[{"href":"https:\/\/libreriahistoriasdebolsillo.com\/index.php\/wp-json\/wp\/v2\/types\/product"}],"wp:featuredmedia":[{"embeddable":true,"href":"https:\/\/libreriahistoriasdebolsillo.com\/index.php\/wp-json\/wp\/v2\/media\/4747"}],"wp:attachment":[{"href":"https:\/\/libreriahistoriasdebolsillo.com\/index.php\/wp-json\/wp\/v2\/media?parent=4746"}],"wp:term":[{"taxonomy":"product_brand","embeddable":true,"href":"https:\/\/libreriahistoriasdebolsillo.com\/index.php\/wp-json\/wp\/v2\/product_brand?post=4746"},{"taxonomy":"product_cat","embeddable":true,"href":"https:\/\/libreriahistoriasdebolsillo.com\/index.php\/wp-json\/wp\/v2\/product_cat?post=4746"},{"taxonomy":"product_tag","embeddable":true,"href":"https:\/\/libreriahistoriasdebolsillo.com\/index.php\/wp-json\/wp\/v2\/product_tag?post=4746"}],"curies":[{"name":"wp","href":"https:\/\/api.w.org\/{rel}","templated":true}]}}