{"id":4748,"date":"2024-05-08T13:17:48","date_gmt":"2024-05-08T19:17:48","guid":{"rendered":"https:\/\/libreriahistoriasdebolsillo.com\/?post_type=product&#038;p=4748"},"modified":"2024-08-06T13:42:46","modified_gmt":"2024-08-06T19:42:46","slug":"recarga-tu-dia","status":"publish","type":"product","link":"https:\/\/libreriahistoriasdebolsillo.com\/index.php\/producto\/recarga-tu-dia\/","title":{"rendered":"Recarga tu d\u00eda"},"content":{"rendered":"<p><b>Una gu\u00eda para vivir con presencia, optimismo y alegr\u00eda, \u00a1un d\u00eda a la vez!<\/b><\/p>\n<p>\u00a1Saca lo mejor de ti mismo en cada momento, incluso cuando las\u00a0<b>presiones de la vida diaria<\/b>\u00a0te dejan abrumado, agotado y revolc\u00e1ndote en\u00a0<b>pensamientos negativos<\/b>! Basado en las \u00faltimas investigaciones de\u00a0<b>neurociencia<\/b>,\u00a0<b>psicolog\u00eda positiva<\/b>\u00a0y con ejemplos inspiradores, este libro presenta formas simples de cultivar la<b>\u00a0gratitud<\/b>\u00a0y transmitirla; hacer conexiones significativas con las personas que te rodean; aprender a decir no, para que puedas llenar tus d\u00edas con las cosas que m\u00e1s te importan; recargar cuando lo necesites; difundir la carga positiva a los dem\u00e1s para hacer del mundo un lugar m\u00e1s feliz y saludable.<\/p>\n<p>M\u00e1s all\u00e1 de los lugares comunes y la inspiraci\u00f3n superficial de Instagram,\u00a0<b>\u00a1Recarga tu d\u00eda!<\/b>\u00a0es una gu\u00eda estimulante y empoderadora, que proporciona un modelo para que te sientas menos estresado y realmente aproveches al m\u00e1ximo cada d\u00eda.<\/p>\n","protected":false},"excerpt":{"rendered":"<p>Meaghan B Murphy<\/p>\n","protected":false},"featured_media":4749,"template":"","meta":{"_joinchat":[]},"product_brand":[],"product_cat":[79,58,41,51],"product_tag":[34],"class_list":{"0":"post-4748","1":"product","2":"type-product","3":"status-publish","4":"has-post-thumbnail","6":"product_cat-campana-punto-naranja","7":"product_cat-desarrollo-humano-y-superacion","8":"product_cat-desarrollo-humano","9":"product_cat-oferta","10":"product_tag-penguin-random-house","12":"first","13":"outofstock","14":"sale","15":"shipping-taxable","16":"purchasable","17":"product-type-simple"},"_links":{"self":[{"href":"https:\/\/libreriahistoriasdebolsillo.com\/index.php\/wp-json\/wp\/v2\/product\/4748","targetHints":{"allow":["GET"]}}],"collection":[{"href":"https:\/\/libreriahistoriasdebolsillo.com\/index.php\/wp-json\/wp\/v2\/product"}],"about":[{"href":"https:\/\/libreriahistoriasdebolsillo.com\/index.php\/wp-json\/wp\/v2\/types\/product"}],"wp:featuredmedia":[{"embeddable":true,"href":"https:\/\/libreriahistoriasdebolsillo.com\/index.php\/wp-json\/wp\/v2\/media\/4749"}],"wp:attachment":[{"href":"https:\/\/libreriahistoriasdebolsillo.com\/index.php\/wp-json\/wp\/v2\/media?parent=4748"}],"wp:term":[{"taxonomy":"product_brand","embeddable":true,"href":"https:\/\/libreriahistoriasdebolsillo.com\/index.php\/wp-json\/wp\/v2\/product_brand?post=4748"},{"taxonomy":"product_cat","embeddable":true,"href":"https:\/\/libreriahistoriasdebolsillo.com\/index.php\/wp-json\/wp\/v2\/product_cat?post=4748"},{"taxonomy":"product_tag","embeddable":true,"href":"https:\/\/libreriahistoriasdebolsillo.com\/index.php\/wp-json\/wp\/v2\/product_tag?post=4748"}],"curies":[{"name":"wp","href":"https:\/\/api.w.org\/{rel}","templated":true}]}}