{"id":4752,"date":"2024-05-08T13:22:32","date_gmt":"2024-05-08T19:22:32","guid":{"rendered":"https:\/\/libreriahistoriasdebolsillo.com\/?post_type=product&#038;p=4752"},"modified":"2024-08-05T13:35:29","modified_gmt":"2024-08-05T19:35:29","slug":"anatomia-de-un-escandalo","status":"publish","type":"product","link":"https:\/\/libreriahistoriasdebolsillo.com\/index.php\/producto\/anatomia-de-un-escandalo\/","title":{"rendered":"Anatom\u00eda de un esc\u00e1ndalo"},"content":{"rendered":"<p><b>T\u00fa quieres creer en tu marido&#8230; <\/b><b>Ella quiere destruirlo.<\/b><\/p>\n<p>El\u00a0<b>marido de Sophie<\/b>, James, es un padre amoroso, un hombre apuesto, una figura p\u00fablica carism\u00e1tica y exitosa. Y sin embargo, se le acusa de un terrible\u00a0<b>crimen<\/b>. Sophie est\u00e1 convencida de su inocencia y est\u00e1 desesperada por proteger a su preciosa familia de las\u00a0<b>mentiras\u00a0<\/b>que amenazan con separarla.<\/p>\n<p>Kate es la abogada encargada de llevar la\u00a0<b>acusaci\u00f3n en el juicio<\/b>: una profesional experimentada que sabe que solo se puede ganar el caso a trav\u00e9s de una buena argumentaci\u00f3n. Pero Kate busca la verdad en todo momento. Est\u00e1 segura de que James es culpable y que debe\u00a0<b>pagar\u00a0<\/b>por sus cr\u00edmenes.<\/p>\n<p><b>\u00bfQui\u00e9n tiene raz\u00f3n acerca de James?<\/b><\/p>\n<p><b>\u00bfSophie o Kate?<\/b><\/p>\n<p>A pesar de su educaci\u00f3n privilegiada, Sophie es consciente de que su hermosa vida no es\u00a0<b>inviolable<\/b>. Lo ha sabido desde que ella y James se enamoraron en Oxford, y ha sido testigo de la facilidad con la que<b>\u00a0el placer puede convertirse en tragedia.<\/b><\/p>\n","protected":false},"excerpt":{"rendered":"<p>Sarah Vaughan<\/p>\n","protected":false},"featured_media":4753,"template":"","meta":{"_joinchat":[]},"product_brand":[],"product_cat":[79,37,51],"product_tag":[34],"class_list":{"0":"post-4752","1":"product","2":"type-product","3":"status-publish","4":"has-post-thumbnail","6":"product_cat-campana-punto-naranja","7":"product_cat-misterio-y-thriller","8":"product_cat-oferta","9":"product_tag-penguin-random-house","11":"first","12":"outofstock","13":"sale","14":"shipping-taxable","15":"purchasable","16":"product-type-simple"},"_links":{"self":[{"href":"https:\/\/libreriahistoriasdebolsillo.com\/index.php\/wp-json\/wp\/v2\/product\/4752","targetHints":{"allow":["GET"]}}],"collection":[{"href":"https:\/\/libreriahistoriasdebolsillo.com\/index.php\/wp-json\/wp\/v2\/product"}],"about":[{"href":"https:\/\/libreriahistoriasdebolsillo.com\/index.php\/wp-json\/wp\/v2\/types\/product"}],"wp:featuredmedia":[{"embeddable":true,"href":"https:\/\/libreriahistoriasdebolsillo.com\/index.php\/wp-json\/wp\/v2\/media\/4753"}],"wp:attachment":[{"href":"https:\/\/libreriahistoriasdebolsillo.com\/index.php\/wp-json\/wp\/v2\/media?parent=4752"}],"wp:term":[{"taxonomy":"product_brand","embeddable":true,"href":"https:\/\/libreriahistoriasdebolsillo.com\/index.php\/wp-json\/wp\/v2\/product_brand?post=4752"},{"taxonomy":"product_cat","embeddable":true,"href":"https:\/\/libreriahistoriasdebolsillo.com\/index.php\/wp-json\/wp\/v2\/product_cat?post=4752"},{"taxonomy":"product_tag","embeddable":true,"href":"https:\/\/libreriahistoriasdebolsillo.com\/index.php\/wp-json\/wp\/v2\/product_tag?post=4752"}],"curies":[{"name":"wp","href":"https:\/\/api.w.org\/{rel}","templated":true}]}}