{"id":4754,"date":"2024-05-08T13:24:38","date_gmt":"2024-05-08T19:24:38","guid":{"rendered":"https:\/\/libreriahistoriasdebolsillo.com\/?post_type=product&#038;p=4754"},"modified":"2025-10-23T10:56:01","modified_gmt":"2025-10-23T16:56:01","slug":"una-familia-no-tan-feliz","status":"publish","type":"product","link":"https:\/\/libreriahistoriasdebolsillo.com\/index.php\/producto\/una-familia-no-tan-feliz\/","title":{"rendered":"Una familia no tan feliz"},"content":{"rendered":"<p><b>EN ESTA FAMILIA TODOS GUARDAN SECRETOS\u2026INCLUSO LOS MUERTOS&#8230;<\/b><\/p>\n<p>El tranquilo y lujoso barrio de Brecken Hill amanece conmocionado. Solo las\u00a0<b>grandes fortun<\/b>as se pueden permitir una casa aqu\u00ed y hay pocas fortunas mayores que la de Fred y Sheila Merton. Pero todo el dinero del mundo no puede protegerlos cuando la\u00a0<b>muerte<\/b>\u00a0llama a su puerta.<\/p>\n<p>Los Merton han aparecido\u00a0<b>brutalmente asesinados<\/b>\u00a0tras una tensa cena con sus tres hijos. Quienes, por supuesto, est\u00e1n devastados.<\/p>\n<p>\u00bfO QUIZ\u00c1 NO?<\/p>\n<p>A cada uno de ellos le espera ahora una\u00a0<b>herencia de millones de d\u00f3lares<\/b>. Nunca fueron una familia feliz por culpa de un padre vengativo y una madre distante, pero quiz\u00e1 uno de los hermanos es m\u00e1s inestable de lo que nadie imaginaba. \u00bfPuede que alguno reaccionaracon\u00a0<b>violencia<\/b>\u00a0despu\u00e9s de la espantosa cena? \u00bfO fue otra persona quien apareci\u00f3 en la casa esa noche con la peor de las intenciones? Despu\u00e9s de todo, si alguien de tu familia fuera capaz de una atrocidad as\u00ed, lo sabr\u00edas. \u00bfVERDAD?<\/p>\n","protected":false},"excerpt":{"rendered":"<p>Shari Lapena<\/p>\n","protected":false},"featured_media":4755,"template":"","meta":{"_joinchat":[]},"product_brand":[],"product_cat":[79,37,51],"product_tag":[34],"class_list":{"0":"post-4754","1":"product","2":"type-product","3":"status-publish","4":"has-post-thumbnail","6":"product_cat-campana-punto-naranja","7":"product_cat-misterio-y-thriller","8":"product_cat-oferta","9":"product_tag-penguin-random-house","11":"first","12":"instock","13":"sale","14":"shipping-taxable","15":"purchasable","16":"product-type-simple"},"_links":{"self":[{"href":"https:\/\/libreriahistoriasdebolsillo.com\/index.php\/wp-json\/wp\/v2\/product\/4754","targetHints":{"allow":["GET"]}}],"collection":[{"href":"https:\/\/libreriahistoriasdebolsillo.com\/index.php\/wp-json\/wp\/v2\/product"}],"about":[{"href":"https:\/\/libreriahistoriasdebolsillo.com\/index.php\/wp-json\/wp\/v2\/types\/product"}],"wp:featuredmedia":[{"embeddable":true,"href":"https:\/\/libreriahistoriasdebolsillo.com\/index.php\/wp-json\/wp\/v2\/media\/4755"}],"wp:attachment":[{"href":"https:\/\/libreriahistoriasdebolsillo.com\/index.php\/wp-json\/wp\/v2\/media?parent=4754"}],"wp:term":[{"taxonomy":"product_brand","embeddable":true,"href":"https:\/\/libreriahistoriasdebolsillo.com\/index.php\/wp-json\/wp\/v2\/product_brand?post=4754"},{"taxonomy":"product_cat","embeddable":true,"href":"https:\/\/libreriahistoriasdebolsillo.com\/index.php\/wp-json\/wp\/v2\/product_cat?post=4754"},{"taxonomy":"product_tag","embeddable":true,"href":"https:\/\/libreriahistoriasdebolsillo.com\/index.php\/wp-json\/wp\/v2\/product_tag?post=4754"}],"curies":[{"name":"wp","href":"https:\/\/api.w.org\/{rel}","templated":true}]}}