{"id":4760,"date":"2024-05-08T13:33:57","date_gmt":"2024-05-08T19:33:57","guid":{"rendered":"https:\/\/libreriahistoriasdebolsillo.com\/?post_type=product&#038;p=4760"},"modified":"2024-08-06T13:42:27","modified_gmt":"2024-08-06T19:42:27","slug":"legados-de-lorien-1-soy-el-numero-cuatro","status":"publish","type":"product","link":"https:\/\/libreriahistoriasdebolsillo.com\/index.php\/producto\/legados-de-lorien-1-soy-el-numero-cuatro\/","title":{"rendered":"Legados de Lorien 1. Soy el n\u00famero cuatro"},"content":{"rendered":"<p><b>NOSOTROS<\/b><br \/>\nLucharemos juntos en la \u00faltima batalla<\/p>\n<p><b>SI GANAMOS<\/b><br \/>\nSobreviviremos t\u00fa y nosotros<\/p>\n<p><b>SI PERDEMOS<\/b><br \/>\nLa tierra no tendr\u00e1 salvaci\u00f3n<\/p>\n<p><b>TRES YA HAN MUERTO. Soy el n\u00famero cuatro.<\/b><\/p>\n<p><b>El comienzo de una saga que no podr\u00e1s dejar de leer.<\/b><\/p>\n<p>Tenemos el mismo aspecto que vosotros. Vivimos entre vosotros. Pero no somos como vosotros. Podemos hacer cosas que solo pod\u00e9is imaginar. Tenemos poderes con los que solo pod\u00e9is so\u00f1ar. Somos m\u00e1s fuertes y r\u00e1pidos que cualquiera de vosotros. Somos los superh\u00e9roes a los que admir\u00e1is en las pel\u00edculas y los c\u00f3mics&#8230; pero nosotros existimos de verdad.<\/p>\n<p>Nuestro plan era crecer, entrenar y fortalecernos para enfrentarnos unidos a ellos. Pero ellos nos encontraron antes y empezaron a cazarnos. Ahora, todos vivimos huyendo, entre las sombras, en lugares donde nadie nos buscar\u00eda, mimetiz\u00e1ndonos.<\/p>\n<p>Hemos vivido entre vosotros sin que lo supierais, pero ha llegado el momento de luchar por la supervivencia de la humanidad.<\/p>\n<p><b>El libro de la pel\u00edcula dirigida por D. J. Caruso.<\/b><\/p>\n","protected":false},"excerpt":{"rendered":"<p>Pittacus Lore<\/p>\n","protected":false},"featured_media":4761,"template":"","meta":{"_joinchat":[]},"product_brand":[],"product_cat":[79,39,51],"product_tag":[34],"class_list":{"0":"post-4760","1":"product","2":"type-product","3":"status-publish","4":"has-post-thumbnail","6":"product_cat-campana-punto-naranja","7":"product_cat-fantasia","8":"product_cat-oferta","9":"product_tag-penguin-random-house","11":"first","12":"outofstock","13":"sale","14":"shipping-taxable","15":"purchasable","16":"product-type-simple"},"_links":{"self":[{"href":"https:\/\/libreriahistoriasdebolsillo.com\/index.php\/wp-json\/wp\/v2\/product\/4760","targetHints":{"allow":["GET"]}}],"collection":[{"href":"https:\/\/libreriahistoriasdebolsillo.com\/index.php\/wp-json\/wp\/v2\/product"}],"about":[{"href":"https:\/\/libreriahistoriasdebolsillo.com\/index.php\/wp-json\/wp\/v2\/types\/product"}],"wp:featuredmedia":[{"embeddable":true,"href":"https:\/\/libreriahistoriasdebolsillo.com\/index.php\/wp-json\/wp\/v2\/media\/4761"}],"wp:attachment":[{"href":"https:\/\/libreriahistoriasdebolsillo.com\/index.php\/wp-json\/wp\/v2\/media?parent=4760"}],"wp:term":[{"taxonomy":"product_brand","embeddable":true,"href":"https:\/\/libreriahistoriasdebolsillo.com\/index.php\/wp-json\/wp\/v2\/product_brand?post=4760"},{"taxonomy":"product_cat","embeddable":true,"href":"https:\/\/libreriahistoriasdebolsillo.com\/index.php\/wp-json\/wp\/v2\/product_cat?post=4760"},{"taxonomy":"product_tag","embeddable":true,"href":"https:\/\/libreriahistoriasdebolsillo.com\/index.php\/wp-json\/wp\/v2\/product_tag?post=4760"}],"curies":[{"name":"wp","href":"https:\/\/api.w.org\/{rel}","templated":true}]}}