{"id":4762,"date":"2024-05-08T13:36:50","date_gmt":"2024-05-08T19:36:50","guid":{"rendered":"https:\/\/libreriahistoriasdebolsillo.com\/?post_type=product&#038;p=4762"},"modified":"2025-11-20T12:10:45","modified_gmt":"2025-11-20T18:10:45","slug":"eterna-vigilia","status":"publish","type":"product","link":"https:\/\/libreriahistoriasdebolsillo.com\/index.php\/producto\/eterna-vigilia\/","title":{"rendered":"Eterna Vigilia"},"content":{"rendered":"<p><b>Una espectacular novela de suspense.<\/b><\/p>\n<p><b>Nunca crecer\u00e1s. Nunca te enamorar\u00e1s. Nunca saldr\u00e1s de aqu\u00ed.<\/b><\/p>\n<p><b>No te f\u00edes de nadie. Ten miedo de todo.<\/b><\/p>\n<p>Beatrice Hartley y sus cinco mejores amigos eran los alumnos m\u00e1s populares del instituto. Pero la sobrecogedora muerte de Jim, el genio creativo del grupo y novio de Beatrice, lo cambi\u00f3 todo.<\/p>\n<p>Un a\u00f1o despu\u00e9s, Bee regresa a Wincroft -la casa junto al mar donde hab\u00eda pasado muchas noches con sus amigos- con la esperanza de esclarecer los sombr\u00edos interrogantes que la persiguen desde la muerte de Jim. Todos est\u00e1n all\u00ed. A medida que avanza la noche, entre bromas forzadas y silencios indescifrables, se va dando cuenta de que jam\u00e1s descubrir\u00e1 qu\u00e9 sucedi\u00f3 en realidad.<\/p>\n<p>Entonces, un hombre misterioso llama a la puerta y les anuncia lo inconcebible: el tiempo se ha detenido para ellos. Est\u00e1n atrapados. Solo podr\u00e1n avanzar si toman la decisi\u00f3n m\u00e1s dif\u00edcil de sus vidas.<\/p>\n<p><b>As\u00ed empieza la pesadilla. La nada. La eterna vigilia.<\/b><\/p>\n","protected":false},"excerpt":{"rendered":"<p>Marisha Pessl<\/p>\n","protected":false},"featured_media":4763,"template":"","meta":{"_joinchat":[]},"product_brand":[],"product_cat":[79,52,37,51],"product_tag":[34],"class_list":{"0":"post-4762","1":"product","2":"type-product","3":"status-publish","4":"has-post-thumbnail","6":"product_cat-campana-punto-naranja","7":"product_cat-juvenil","8":"product_cat-misterio-y-thriller","9":"product_cat-oferta","10":"product_tag-penguin-random-house","12":"first","13":"outofstock","14":"sale","15":"shipping-taxable","16":"purchasable","17":"product-type-simple"},"_links":{"self":[{"href":"https:\/\/libreriahistoriasdebolsillo.com\/index.php\/wp-json\/wp\/v2\/product\/4762","targetHints":{"allow":["GET"]}}],"collection":[{"href":"https:\/\/libreriahistoriasdebolsillo.com\/index.php\/wp-json\/wp\/v2\/product"}],"about":[{"href":"https:\/\/libreriahistoriasdebolsillo.com\/index.php\/wp-json\/wp\/v2\/types\/product"}],"wp:featuredmedia":[{"embeddable":true,"href":"https:\/\/libreriahistoriasdebolsillo.com\/index.php\/wp-json\/wp\/v2\/media\/4763"}],"wp:attachment":[{"href":"https:\/\/libreriahistoriasdebolsillo.com\/index.php\/wp-json\/wp\/v2\/media?parent=4762"}],"wp:term":[{"taxonomy":"product_brand","embeddable":true,"href":"https:\/\/libreriahistoriasdebolsillo.com\/index.php\/wp-json\/wp\/v2\/product_brand?post=4762"},{"taxonomy":"product_cat","embeddable":true,"href":"https:\/\/libreriahistoriasdebolsillo.com\/index.php\/wp-json\/wp\/v2\/product_cat?post=4762"},{"taxonomy":"product_tag","embeddable":true,"href":"https:\/\/libreriahistoriasdebolsillo.com\/index.php\/wp-json\/wp\/v2\/product_tag?post=4762"}],"curies":[{"name":"wp","href":"https:\/\/api.w.org\/{rel}","templated":true}]}}