{"id":4768,"date":"2024-05-08T13:44:23","date_gmt":"2024-05-08T19:44:23","guid":{"rendered":"https:\/\/libreriahistoriasdebolsillo.com\/?post_type=product&#038;p=4768"},"modified":"2024-06-17T16:26:18","modified_gmt":"2024-06-17T22:26:18","slug":"monstrumologo-1-el-monstrumologo","status":"publish","type":"product","link":"https:\/\/libreriahistoriasdebolsillo.com\/index.php\/producto\/monstrumologo-1-el-monstrumologo\/","title":{"rendered":"Monstrum\u00f3logo 1. El monstrum\u00f3logo"},"content":{"rendered":"<p>Will Henry, un chico hu\u00e9rfano, es el aprendiz del doctor Warthrop, especializado en algo singular y macabro: el estudio de los monstruos. Una noche, el m\u00e9dico y su ayudante reciben dos cad\u00e1veres; el de una joven&#8230; y el de una criatura sin cabeza y de dientes afilados que se cre\u00eda extinta en Nueva Inglaterra. Pronto, Will y el doctor tendr\u00e1n que iniciar una carrera contrarreloj para evitar que estas bestias se extiendan y vuelvan a matar.<\/p>\n","protected":false},"excerpt":{"rendered":"<p>Rick Yancey<\/p>\n","protected":false},"featured_media":4769,"template":"","meta":{"_joinchat":[]},"product_brand":[],"product_cat":[79,39,52,51],"product_tag":[34],"class_list":{"0":"post-4768","1":"product","2":"type-product","3":"status-publish","4":"has-post-thumbnail","6":"product_cat-campana-punto-naranja","7":"product_cat-fantasia","8":"product_cat-juvenil","9":"product_cat-oferta","10":"product_tag-penguin-random-house","12":"first","13":"outofstock","14":"sale","15":"shipping-taxable","16":"purchasable","17":"product-type-simple"},"_links":{"self":[{"href":"https:\/\/libreriahistoriasdebolsillo.com\/index.php\/wp-json\/wp\/v2\/product\/4768","targetHints":{"allow":["GET"]}}],"collection":[{"href":"https:\/\/libreriahistoriasdebolsillo.com\/index.php\/wp-json\/wp\/v2\/product"}],"about":[{"href":"https:\/\/libreriahistoriasdebolsillo.com\/index.php\/wp-json\/wp\/v2\/types\/product"}],"wp:featuredmedia":[{"embeddable":true,"href":"https:\/\/libreriahistoriasdebolsillo.com\/index.php\/wp-json\/wp\/v2\/media\/4769"}],"wp:attachment":[{"href":"https:\/\/libreriahistoriasdebolsillo.com\/index.php\/wp-json\/wp\/v2\/media?parent=4768"}],"wp:term":[{"taxonomy":"product_brand","embeddable":true,"href":"https:\/\/libreriahistoriasdebolsillo.com\/index.php\/wp-json\/wp\/v2\/product_brand?post=4768"},{"taxonomy":"product_cat","embeddable":true,"href":"https:\/\/libreriahistoriasdebolsillo.com\/index.php\/wp-json\/wp\/v2\/product_cat?post=4768"},{"taxonomy":"product_tag","embeddable":true,"href":"https:\/\/libreriahistoriasdebolsillo.com\/index.php\/wp-json\/wp\/v2\/product_tag?post=4768"}],"curies":[{"name":"wp","href":"https:\/\/api.w.org\/{rel}","templated":true}]}}