{"id":4801,"date":"2024-05-09T15:45:50","date_gmt":"2024-05-09T21:45:50","guid":{"rendered":"https:\/\/libreriahistoriasdebolsillo.com\/?post_type=product&#038;p=4801"},"modified":"2025-12-23T18:03:21","modified_gmt":"2025-12-24T00:03:21","slug":"goodbye-days","status":"publish","type":"product","link":"https:\/\/libreriahistoriasdebolsillo.com\/index.php\/producto\/goodbye-days\/","title":{"rendered":"Goodbye Days"},"content":{"rendered":"<p><b>\u00bfQu\u00e9 har\u00edas si perdieras a tus tres mejores amigos en un accidente?<\/b><\/p>\n<p><b>\u00bfQu\u00e9 har\u00edas si pudieras volver a estar con ellos por \u00faltima vez?<\/b><\/p>\n<p><b>#GoodbyeDays<\/b><\/p>\n<p>Carver Briggs\u00a0<b>lo ten\u00eda todo<\/b>: una familia guay, le iba bien en el instituto y sus tres amigos eran los mejores del mundo.\u00a0<b>Amigos de verdad<\/b>\u00a0con los que siempre te echas unas risas.<\/p>\n<p>Pero la vida que hasta entonces hab\u00eda conocido se esfum\u00f3 cuando decidi\u00f3 mandarles un mensaje al\u00a0<b>celular<\/b>. Al cabo de pocos minutos los tres\u00a0<b>murieron\u00a0<\/b>en un accidente.<\/p>\n<p>Ahora Carver no puede dejar de\u00a0<b>culparse\u00a0<\/b>a s\u00ed mismo. Y no es el \u00fanico. La hermana gemela de Eli lo mira como si fuera un\u00a0<b>asesino<\/b>, y el padre de Mars, un conocido juez de renombre, presiona al abogado para que lo\u00a0<b>culpabilice<\/b>.<\/p>\n<p>Sin embargo, cuando la abuela de Blake decide despedirse de su nieto y celebrar \u00abel d\u00eda del adi\u00f3s\u00bb, las cosas\u00a0<b>empiezan a cambiar<\/b>. Gracias al poder del recuerdo, Carver podr\u00e1 disfrutar de sus mejores amigos una<b>\u00a0\u00faltima vez.<\/b><\/p>\n","protected":false},"excerpt":{"rendered":"<p>Jeff Zentner<\/p>\n","protected":false},"featured_media":4802,"template":"","meta":{"_joinchat":[]},"product_brand":[],"product_cat":[52,51],"product_tag":[34],"class_list":{"0":"post-4801","1":"product","2":"type-product","3":"status-publish","4":"has-post-thumbnail","6":"product_cat-juvenil","7":"product_cat-oferta","8":"product_tag-penguin-random-house","10":"first","11":"outofstock","12":"shipping-taxable","13":"purchasable","14":"product-type-simple"},"_links":{"self":[{"href":"https:\/\/libreriahistoriasdebolsillo.com\/index.php\/wp-json\/wp\/v2\/product\/4801","targetHints":{"allow":["GET"]}}],"collection":[{"href":"https:\/\/libreriahistoriasdebolsillo.com\/index.php\/wp-json\/wp\/v2\/product"}],"about":[{"href":"https:\/\/libreriahistoriasdebolsillo.com\/index.php\/wp-json\/wp\/v2\/types\/product"}],"wp:featuredmedia":[{"embeddable":true,"href":"https:\/\/libreriahistoriasdebolsillo.com\/index.php\/wp-json\/wp\/v2\/media\/4802"}],"wp:attachment":[{"href":"https:\/\/libreriahistoriasdebolsillo.com\/index.php\/wp-json\/wp\/v2\/media?parent=4801"}],"wp:term":[{"taxonomy":"product_brand","embeddable":true,"href":"https:\/\/libreriahistoriasdebolsillo.com\/index.php\/wp-json\/wp\/v2\/product_brand?post=4801"},{"taxonomy":"product_cat","embeddable":true,"href":"https:\/\/libreriahistoriasdebolsillo.com\/index.php\/wp-json\/wp\/v2\/product_cat?post=4801"},{"taxonomy":"product_tag","embeddable":true,"href":"https:\/\/libreriahistoriasdebolsillo.com\/index.php\/wp-json\/wp\/v2\/product_tag?post=4801"}],"curies":[{"name":"wp","href":"https:\/\/api.w.org\/{rel}","templated":true}]}}