{"id":4805,"date":"2024-05-09T15:52:12","date_gmt":"2024-05-09T21:52:12","guid":{"rendered":"https:\/\/libreriahistoriasdebolsillo.com\/?post_type=product&#038;p=4805"},"modified":"2025-03-08T18:43:59","modified_gmt":"2025-03-09T00:43:59","slug":"el-maton-que-sonaba-con-un-lugar-en-el-paraiso","status":"publish","type":"product","link":"https:\/\/libreriahistoriasdebolsillo.com\/index.php\/producto\/el-maton-que-sonaba-con-un-lugar-en-el-paraiso\/","title":{"rendered":"El mat\u00f3n que so\u00f1aba con un lugar en el para\u00edso"},"content":{"rendered":"<p>En esta ocasi\u00f3n, la trama se centra en un tr\u00edo de personajes encabezados por Johan\u00a0<i>Asesino<\/i>\u00a0Andersson, quien, despu\u00e9s de cumplir en la c\u00e1rcel tres largas condenas por homicidio, se gana la vida realizando peque\u00f1os trabajos de intimidaci\u00f3n para los g\u00e1nsteres locales mientras lucha contra su afici\u00f3n a la bebida, que est\u00e1 empezando a afectar negativamente su desempe\u00f1o profesional.<\/p>\n<p>Todo cambia, sin embargo, el d\u00eda que conoce a una pastora protestante que no cree en Dios y al apocado recepcionista de un antiguo burdel reconvertido en hotel de una estrella. Una vez que el azar los ha reunido bajo el mismo techo, el instinto de supervivencia los lleva a idear una soluci\u00f3n permanente para dejar atr\u00e1s la pobreza. Si a la innegable habilidad de Asesino para amedrentar al pr\u00f3jimo sumamos una gesti\u00f3n adecuada y un plan de negocio que incluya relaciones p\u00fablicas de calidad, el \u00e9xito parece asegurado&#8230;<\/p>\n<p>Y as\u00ed sucede hasta que el repentino encuentro de\u00a0<i>Asesino<\/i>\u00a0Anders con Jesucristo amenaza con dar al traste con el maravilloso tinglado, lo que obligar\u00e1 a la pastora y al recepcionista a redise\u00f1ar su estrategia para evitar volver a la existencia precaria y anodina que llevaban antes de que el devoto mat\u00f3n se cruzara en su camino.<\/p>\n","protected":false},"excerpt":{"rendered":"<p>Jonas Jonasson<\/p>\n","protected":false},"featured_media":4806,"template":"","meta":{"_joinchat":[]},"product_brand":[],"product_cat":[33,51],"product_tag":[34],"class_list":{"0":"post-4805","1":"product","2":"type-product","3":"status-publish","4":"has-post-thumbnail","6":"product_cat-ficcion-general","7":"product_cat-oferta","8":"product_tag-penguin-random-house","10":"first","11":"outofstock","12":"shipping-taxable","13":"purchasable","14":"product-type-simple"},"_links":{"self":[{"href":"https:\/\/libreriahistoriasdebolsillo.com\/index.php\/wp-json\/wp\/v2\/product\/4805","targetHints":{"allow":["GET"]}}],"collection":[{"href":"https:\/\/libreriahistoriasdebolsillo.com\/index.php\/wp-json\/wp\/v2\/product"}],"about":[{"href":"https:\/\/libreriahistoriasdebolsillo.com\/index.php\/wp-json\/wp\/v2\/types\/product"}],"wp:featuredmedia":[{"embeddable":true,"href":"https:\/\/libreriahistoriasdebolsillo.com\/index.php\/wp-json\/wp\/v2\/media\/4806"}],"wp:attachment":[{"href":"https:\/\/libreriahistoriasdebolsillo.com\/index.php\/wp-json\/wp\/v2\/media?parent=4805"}],"wp:term":[{"taxonomy":"product_brand","embeddable":true,"href":"https:\/\/libreriahistoriasdebolsillo.com\/index.php\/wp-json\/wp\/v2\/product_brand?post=4805"},{"taxonomy":"product_cat","embeddable":true,"href":"https:\/\/libreriahistoriasdebolsillo.com\/index.php\/wp-json\/wp\/v2\/product_cat?post=4805"},{"taxonomy":"product_tag","embeddable":true,"href":"https:\/\/libreriahistoriasdebolsillo.com\/index.php\/wp-json\/wp\/v2\/product_tag?post=4805"}],"curies":[{"name":"wp","href":"https:\/\/api.w.org\/{rel}","templated":true}]}}