{"id":4807,"date":"2024-05-09T15:55:43","date_gmt":"2024-05-09T21:55:43","guid":{"rendered":"https:\/\/libreriahistoriasdebolsillo.com\/?post_type=product&#038;p=4807"},"modified":"2026-04-18T17:37:39","modified_gmt":"2026-04-18T23:37:39","slug":"apple-y-rain","status":"publish","type":"product","link":"https:\/\/libreriahistoriasdebolsillo.com\/index.php\/producto\/apple-y-rain\/","title":{"rendered":"Apple y Rain"},"content":{"rendered":"<p><b>Un relato precioso y esperanzador sobre la soledad de una chica de trece a\u00f1os.<\/b><\/p>\n<p><b>Una historia sobre el poder redentor del amor.<\/b><\/p>\n<p>Cuando la\u00a0<b>madre\u00a0<\/b>de Apple regresa despu\u00e9s de<b>\u00a0once a\u00f1os de ausencia<\/b>, Apple se siente feliz de nuevo, y por fin puede tener respuesta a la pregunta que la ha acompa\u00f1ado durante tanto tiempo:<b>\u00a0\u00bfpor qu\u00e9 te fuiste?<\/b>\u00a0Ahora tendr\u00e1 a alguien que entiende de verdad qu\u00e9 significa ser\u00a0<b>adolescente<\/b>, a diferencia de Nana, quien parece no comprenderla. Pero del mismo modo que la noche en la que su madre la abandon\u00f3,el regreso a casa de \u00e9sta se acaba convirtiendo en algo\u00a0<b>agridulce<\/b>, y Apple se preguntar\u00e1 de nuevo qui\u00e9n est\u00e1 realmente cuidando de qui\u00e9n.<\/p>\n<p>Apple se encuentra con alguien<b>\u00a0m\u00e1s perdido que ella\u00a0<\/b>y empieza a comprender c\u00f3mo son las cosas en realidad.<\/p>\n<p>Una novela llena de\u00a0<b>emociones\u00a0<\/b>que te har\u00e1 re\u00edr y llorar.<\/p>\n","protected":false},"excerpt":{"rendered":"<p>Sarah Crossan<\/p>\n","protected":false},"featured_media":4808,"template":"","meta":{"_joinchat":[]},"product_brand":[],"product_cat":[52,51],"product_tag":[34],"class_list":{"0":"post-4807","1":"product","2":"type-product","3":"status-publish","4":"has-post-thumbnail","6":"product_cat-juvenil","7":"product_cat-oferta","8":"product_tag-penguin-random-house","10":"first","11":"instock","12":"shipping-taxable","13":"purchasable","14":"product-type-simple"},"_links":{"self":[{"href":"https:\/\/libreriahistoriasdebolsillo.com\/index.php\/wp-json\/wp\/v2\/product\/4807","targetHints":{"allow":["GET"]}}],"collection":[{"href":"https:\/\/libreriahistoriasdebolsillo.com\/index.php\/wp-json\/wp\/v2\/product"}],"about":[{"href":"https:\/\/libreriahistoriasdebolsillo.com\/index.php\/wp-json\/wp\/v2\/types\/product"}],"wp:featuredmedia":[{"embeddable":true,"href":"https:\/\/libreriahistoriasdebolsillo.com\/index.php\/wp-json\/wp\/v2\/media\/4808"}],"wp:attachment":[{"href":"https:\/\/libreriahistoriasdebolsillo.com\/index.php\/wp-json\/wp\/v2\/media?parent=4807"}],"wp:term":[{"taxonomy":"product_brand","embeddable":true,"href":"https:\/\/libreriahistoriasdebolsillo.com\/index.php\/wp-json\/wp\/v2\/product_brand?post=4807"},{"taxonomy":"product_cat","embeddable":true,"href":"https:\/\/libreriahistoriasdebolsillo.com\/index.php\/wp-json\/wp\/v2\/product_cat?post=4807"},{"taxonomy":"product_tag","embeddable":true,"href":"https:\/\/libreriahistoriasdebolsillo.com\/index.php\/wp-json\/wp\/v2\/product_tag?post=4807"}],"curies":[{"name":"wp","href":"https:\/\/api.w.org\/{rel}","templated":true}]}}