{"id":4809,"date":"2024-05-09T15:58:31","date_gmt":"2024-05-09T21:58:31","guid":{"rendered":"https:\/\/libreriahistoriasdebolsillo.com\/?post_type=product&#038;p=4809"},"modified":"2024-06-11T16:24:59","modified_gmt":"2024-06-11T22:24:59","slug":"gorda-no-es-insulto","status":"publish","type":"product","link":"https:\/\/libreriahistoriasdebolsillo.com\/index.php\/producto\/gorda-no-es-insulto\/","title":{"rendered":"Gorda, no es insulto"},"content":{"rendered":"<p><b>NO NECESITAS SER FLACA PARA SER FELIZ. NI TAMPOCO ALTA, BAJA O GORDA, PORQUE SON SOLO PALABRAS DEL DICCIONARIO.<\/b><\/p>\n<p>Esta es la historia de \u00c1mbar, una chica que primero sufri\u00f3\u00a0<b>bullying<\/b>\u00a0por ser muy delgada cuando ni\u00f1a, y luego por su figura curvil\u00ednea de\u00a0<b>adolescente<\/b>. Sin importar c\u00f3mo era su\u00a0<b>cuerpo<\/b>, la gente cre\u00eda que ten\u00eda el derecho de opinar sobre \u00e9l. \u00bfTe ha pasado?<\/p>\n<p>Acomp\u00e1\u00f1ala en este viaje de\u00a0<b>amor propio<\/b>,\u00a0<b>body positive<\/b>,\u00a0<b>body neutrality<\/b>\u00a0y\u00a0<b>sororidad<\/b>\u00a0en el que te dar\u00e1s cuenta de que gorda no es un insulto.<\/p>\n","protected":false},"excerpt":{"rendered":"<p>Luisa Verdee<\/p>\n","protected":false},"featured_media":4810,"template":"","meta":{"_joinchat":[]},"product_brand":[],"product_cat":[33,51],"product_tag":[34],"class_list":{"0":"post-4809","1":"product","2":"type-product","3":"status-publish","4":"has-post-thumbnail","6":"product_cat-ficcion-general","7":"product_cat-oferta","8":"product_tag-penguin-random-house","10":"first","11":"outofstock","12":"sale","13":"shipping-taxable","14":"purchasable","15":"product-type-simple"},"_links":{"self":[{"href":"https:\/\/libreriahistoriasdebolsillo.com\/index.php\/wp-json\/wp\/v2\/product\/4809","targetHints":{"allow":["GET"]}}],"collection":[{"href":"https:\/\/libreriahistoriasdebolsillo.com\/index.php\/wp-json\/wp\/v2\/product"}],"about":[{"href":"https:\/\/libreriahistoriasdebolsillo.com\/index.php\/wp-json\/wp\/v2\/types\/product"}],"wp:featuredmedia":[{"embeddable":true,"href":"https:\/\/libreriahistoriasdebolsillo.com\/index.php\/wp-json\/wp\/v2\/media\/4810"}],"wp:attachment":[{"href":"https:\/\/libreriahistoriasdebolsillo.com\/index.php\/wp-json\/wp\/v2\/media?parent=4809"}],"wp:term":[{"taxonomy":"product_brand","embeddable":true,"href":"https:\/\/libreriahistoriasdebolsillo.com\/index.php\/wp-json\/wp\/v2\/product_brand?post=4809"},{"taxonomy":"product_cat","embeddable":true,"href":"https:\/\/libreriahistoriasdebolsillo.com\/index.php\/wp-json\/wp\/v2\/product_cat?post=4809"},{"taxonomy":"product_tag","embeddable":true,"href":"https:\/\/libreriahistoriasdebolsillo.com\/index.php\/wp-json\/wp\/v2\/product_tag?post=4809"}],"curies":[{"name":"wp","href":"https:\/\/api.w.org\/{rel}","templated":true}]}}