{"id":4811,"date":"2024-05-09T16:00:43","date_gmt":"2024-05-09T22:00:43","guid":{"rendered":"https:\/\/libreriahistoriasdebolsillo.com\/?post_type=product&#038;p=4811"},"modified":"2024-05-09T16:00:43","modified_gmt":"2024-05-09T22:00:43","slug":"el-chico-del-ukelele","status":"publish","type":"product","link":"https:\/\/libreriahistoriasdebolsillo.com\/index.php\/producto\/el-chico-del-ukelele\/","title":{"rendered":"El chico del Ukelele"},"content":{"rendered":"<p><b>\u00bfEl amor por internet es peligroso? \u00bfDeber\u00eda estudiar algo que no tiene salidas? \u00bfMis amigos me odia? \u00bfRealmente me gustan las chicas? \u00bfme van a pegar a la salida de clase? \u00bfEl ukelele me inspira a escribir mi primera canci\u00f3n?<\/b><\/p>\n<p>Ele, un personaje tierno y optimista que encarna a David Rees, te llevar\u00e1 con \u00e9l en los diez d\u00edas m\u00e1s importantes de su vida. Diez d\u00edas en los que aprendi\u00f3 a\u00a0<b>valerse por s\u00ed mismo<\/b>, equivocarse, conocerse por dentro ya descubrir su manera particular de amar. Todos basados en\u00a0<b>momentos reales de la vida del cantante<\/b>, pero con alguno que otro extra de imaginaci\u00f3n. Conocer\u00e1s su entorno, sus inseguridades, sus parejas y su familia, aunque quedar\u00e1 en tus manos decidir qu\u00e9 es lo que se escapa de esa realidad en la que est\u00e1 inspirada esta monta\u00f1a rusa de emociones.<\/p>\n","protected":false},"excerpt":{"rendered":"<p>David Rees<\/p>\n","protected":false},"featured_media":4812,"template":"","meta":{"_joinchat":[]},"product_brand":[],"product_cat":[33,51],"product_tag":[34],"class_list":{"0":"post-4811","1":"product","2":"type-product","3":"status-publish","4":"has-post-thumbnail","6":"product_cat-ficcion-general","7":"product_cat-oferta","8":"product_tag-penguin-random-house","10":"first","11":"instock","12":"shipping-taxable","13":"purchasable","14":"product-type-simple"},"_links":{"self":[{"href":"https:\/\/libreriahistoriasdebolsillo.com\/index.php\/wp-json\/wp\/v2\/product\/4811","targetHints":{"allow":["GET"]}}],"collection":[{"href":"https:\/\/libreriahistoriasdebolsillo.com\/index.php\/wp-json\/wp\/v2\/product"}],"about":[{"href":"https:\/\/libreriahistoriasdebolsillo.com\/index.php\/wp-json\/wp\/v2\/types\/product"}],"wp:featuredmedia":[{"embeddable":true,"href":"https:\/\/libreriahistoriasdebolsillo.com\/index.php\/wp-json\/wp\/v2\/media\/4812"}],"wp:attachment":[{"href":"https:\/\/libreriahistoriasdebolsillo.com\/index.php\/wp-json\/wp\/v2\/media?parent=4811"}],"wp:term":[{"taxonomy":"product_brand","embeddable":true,"href":"https:\/\/libreriahistoriasdebolsillo.com\/index.php\/wp-json\/wp\/v2\/product_brand?post=4811"},{"taxonomy":"product_cat","embeddable":true,"href":"https:\/\/libreriahistoriasdebolsillo.com\/index.php\/wp-json\/wp\/v2\/product_cat?post=4811"},{"taxonomy":"product_tag","embeddable":true,"href":"https:\/\/libreriahistoriasdebolsillo.com\/index.php\/wp-json\/wp\/v2\/product_tag?post=4811"}],"curies":[{"name":"wp","href":"https:\/\/api.w.org\/{rel}","templated":true}]}}